{"id":99,"date":"2019-08-28T13:13:49","date_gmt":"2019-08-28T13:13:49","guid":{"rendered":"http:\/\/kita-schaftlach.de\/?page_id=99"},"modified":"2025-09-22T10:00:35","modified_gmt":"2025-09-22T10:00:35","slug":"was-kostet-der-schukischwa-besuch","status":"publish","type":"page","link":"https:\/\/kita-schaftlach.de\/?page_id=99","title":{"rendered":"Was kostet der SchuKiSchWa-Besuch?"},"content":{"rendered":"<p><span style=\"color: #800000;\"><strong><span style=\"text-decoration: underline;\">Beitr\u00e4ge ab 01.07.2025<\/span><\/strong><\/span><\/p>\n<table>\n<tbody>\n<tr>\n<td width=\"130\"><strong>\u00a0<\/strong><\/td>\n<td width=\"161\"><strong>\u00a0<\/strong><\/td>\n<td width=\"113\"><strong>Hortbeitrag <\/strong><\/p>\n<p><strong>(mtl.)<\/strong><\/td>\n<td width=\"198\"><strong>Hortbeitrag f\u00fcr Geschwisterkindern (mtl.)<\/strong><\/td>\n<\/tr>\n<tr>\n<td width=\"130\"><strong>Buchungskategorie 1<\/strong><\/td>\n<td width=\"161\"><strong>6-10 Stunden \/ Woche<\/strong><\/td>\n<td width=\"113\"><strong>100,00 \u20ac<\/strong><\/td>\n<td width=\"198\"><strong>90,00 \u20ac<\/strong><\/td>\n<\/tr>\n<tr>\n<td width=\"130\"><strong>Buchungskategorie 2<\/strong><\/td>\n<td width=\"161\"><strong>11-15 Stunden \/ Woche<\/strong><\/td>\n<td width=\"113\"><strong>115,00 \u20ac<\/strong><\/td>\n<td width=\"198\"><strong>105,00 \u20ac<\/strong><\/td>\n<\/tr>\n<tr>\n<td width=\"130\"><strong>Buchungskategorie 3<\/strong><\/td>\n<td width=\"161\"><strong>16-20 Stunden \/ Woche<\/strong><\/td>\n<td width=\"113\"><strong>130,00 \u20ac<\/strong><\/td>\n<td width=\"198\"><strong>120,00 \u20ac<\/strong><\/td>\n<\/tr>\n<tr>\n<td colspan=\"4\" width=\"603\"><strong>zzgl. Material- und Getr\u00e4nkegeld 5,00 \u20ac mtl.<\/strong><\/td>\n<\/tr>\n<\/tbody>\n<\/table>\n<p>Der Beitrag wird f\u00fcr 12 Monate berechnet und zusammen mit dem Getr\u00e4nke- und Materialgeld per Bankeinzug monatlich abgebucht. Die Geb\u00fchren werden bei Bedarf den laufenden, steigenden Kosten angepasst.<\/p>\n<p>W\u00e4hrend der Schulferien haben wir \u00fcberwiegend zeitgleich mit der Erika-Sixt-Kita sowie der Waakirchner Kindertagesst\u00e4tte ge\u00f6ffnet. In der Regel ist die Einrichtung im August drei Wochen geschlossen. Die Ferienbetreuung kostet zus\u00e4tzlich 5,- \u20ac \/ Tag.<\/p>\n<p>Das Mittagessen wird vom <a href=\"http:\/\/www.wieser-catering.de\/\">Catering Wieser<\/a> t\u00e4glich frisch, ausgewogen und abwechslungsreich zubereitet. Die Kosten pro angemeldeten Essen betragen zus\u00e4tzlich 4,80 \u20ac. Optional k\u00f6nnen die Kinder auch Brotzeit machen.<\/p>\n<p>Per E-Mail k\u00f6nnen die Eltern ihre Kinder an- bzw. abmelden. Bei der Option \u201eAbo\u201c m\u00fcssen die Kinder rechtzeitig vom Essen abgemeldet werden, ansonsten sind sie dauerhaft gebucht. Diese Option wird bei Eintritt in die Kita abgefragt und ist jederzeit anpassbar.<\/p>\n<p>Die genauen Regelungen sind in der P\u00e4dagogischen Konzeption und <a href=\"https:\/\/kita-schaftlach.de\/wp-content\/uploads\/2023\/08\/Konzeption-Haus-fuer-Kinder-Schaftlach-inkl.-Gliederung.pdf\">hier<\/a> zu finden. Speisepl\u00e4ne finden Sie als Aushang in der Einrichtung und<a href=\"https:\/\/kita-schaftlach.de\/?page_id=1100\"> online auf der Kita-Website<\/a>.<\/p>\n","protected":false},"excerpt":{"rendered":"<p>Beitr\u00e4ge ab 01.07.2025 \u00a0 \u00a0 Hortbeitrag (mtl.) Hortbeitrag f\u00fcr Geschwisterkindern (mtl.) Buchungskategorie 1 6-10 Stunden \/ Woche 100,00 \u20ac 90,00 \u20ac Buchungskategorie 2 11-15 Stunden \/ Woche 115,00 \u20ac 105,00 \u20ac Buchungskategorie 3 16-20 Stunden \/ Woche 130,00 \u20ac 120,00 \u20ac zzgl. Material- und Getr\u00e4nkegeld 5,00 \u20ac mtl. Der Beitrag wird f\u00fcr 12 Monate berechnet &hellip; <\/p>\n<p class=\"link-more\"><a href=\"https:\/\/kita-schaftlach.de\/?page_id=99\" class=\"more-link\"><span class=\"screen-reader-text\">\u201eWas kostet der SchuKiSchWa-Besuch?\u201c<\/span> weiterlesen<\/a><\/p>\n","protected":false},"author":2,"featured_media":0,"parent":0,"menu_order":0,"comment_status":"closed","ping_status":"closed","template":"","meta":{"footnotes":""},"class_list":["post-99","page","type-page","status-publish","hentry"],"_links":{"self":[{"href":"https:\/\/kita-schaftlach.de\/index.php?rest_route=\/wp\/v2\/pages\/99","targetHints":{"allow":["GET"]}}],"collection":[{"href":"https:\/\/kita-schaftlach.de\/index.php?rest_route=\/wp\/v2\/pages"}],"about":[{"href":"https:\/\/kita-schaftlach.de\/index.php?rest_route=\/wp\/v2\/types\/page"}],"author":[{"embeddable":true,"href":"https:\/\/kita-schaftlach.de\/index.php?rest_route=\/wp\/v2\/users\/2"}],"replies":[{"embeddable":true,"href":"https:\/\/kita-schaftlach.de\/index.php?rest_route=%2Fwp%2Fv2%2Fcomments&post=99"}],"version-history":[{"count":29,"href":"https:\/\/kita-schaftlach.de\/index.php?rest_route=\/wp\/v2\/pages\/99\/revisions"}],"predecessor-version":[{"id":2131,"href":"https:\/\/kita-schaftlach.de\/index.php?rest_route=\/wp\/v2\/pages\/99\/revisions\/2131"}],"wp:attachment":[{"href":"https:\/\/kita-schaftlach.de\/index.php?rest_route=%2Fwp%2Fv2%2Fmedia&parent=99"}],"curies":[{"name":"wp","href":"https:\/\/api.w.org\/{rel}","templated":true}]}}