{"id":899,"date":"2020-11-30T15:42:00","date_gmt":"2020-11-30T15:42:00","guid":{"rendered":"http:\/\/kita-schaftlach.de\/?page_id=899"},"modified":"2023-08-31T12:49:06","modified_gmt":"2023-08-31T12:49:06","slug":"die-wilden-bienchen-von-waakirchen-schaftlach","status":"publish","type":"page","link":"https:\/\/kita-schaftlach.de\/?page_id=899","title":{"rendered":"Die wilden Bienchen von Waakirchen\/Schaftlach"},"content":{"rendered":"<p>Im November 2020 wurde im Au\u00dfenbereich (SchuKiSchaWa) eine Nistwand f\u00fcr Wildbienen installiert. Im Fr\u00fchjahr 2022 schl\u00fcpften dann bei uns die ersten Bienchen aus ihren Larven und durften in ihr neues Heim einziehen. Die ersten Kammern sind inzwischen zugemauert und Eier sind auch schon zu sehen. Wir sind gespannt, wie es weiter geht&#8230; \ud83d\ude42<\/p>\n<p>Ein innovatives Artenschutz- Umweltbildungsprojekt des <b>Artenschutz in Franken\u00ae<\/b>, des <b>Erika Sixt Kindergarten<\/b><br \/>\nund der <b>Gemeinde Waakirchen<\/b> dass von der <b>Deutschen Postcode Lotterie <\/b>unterst\u00fctzt wird.<\/p>\n<p><a href=\"https:\/\/www.artenschutz-steigerwald.de\/de\/Projekte\/1026337\/Die_Wilden_Bienchen_von_Waakirchen_\/\">https:\/\/www.artenschutz-steigerwald.de\/de\/Projekte\/1026337\/Die_Wilden_Bienchen_von_Waakirchen_\/<\/a><\/p>\n<p><img loading=\"lazy\" decoding=\"async\" class=\"alignleft size-large wp-image-1340\" src=\"http:\/\/kita-schaftlach.de\/wp-content\/uploads\/2022\/05\/20220502_161254-576x1024.jpg\" alt=\"\" width=\"525\" height=\"933\" srcset=\"https:\/\/kita-schaftlach.de\/wp-content\/uploads\/2022\/05\/20220502_161254-576x1024.jpg 576w, https:\/\/kita-schaftlach.de\/wp-content\/uploads\/2022\/05\/20220502_161254-169x300.jpg 169w, https:\/\/kita-schaftlach.de\/wp-content\/uploads\/2022\/05\/20220502_161254-768x1365.jpg 768w, https:\/\/kita-schaftlach.de\/wp-content\/uploads\/2022\/05\/20220502_161254-864x1536.jpg 864w, https:\/\/kita-schaftlach.de\/wp-content\/uploads\/2022\/05\/20220502_161254-1152x2048.jpg 1152w, https:\/\/kita-schaftlach.de\/wp-content\/uploads\/2022\/05\/20220502_161254-scaled.jpg 1440w\" sizes=\"auto, (max-width: 525px) 100vw, 525px\" \/><img loading=\"lazy\" decoding=\"async\" class=\"size-large wp-image-914\" src=\"http:\/\/kita-schaftlach.de\/wp-content\/uploads\/2020\/12\/DSC07056-1024x680.jpg\" alt=\"\" width=\"525\" height=\"349\" srcset=\"https:\/\/kita-schaftlach.de\/wp-content\/uploads\/2020\/12\/DSC07056-1024x680.jpg 1024w, https:\/\/kita-schaftlach.de\/wp-content\/uploads\/2020\/12\/DSC07056-300x199.jpg 300w, https:\/\/kita-schaftlach.de\/wp-content\/uploads\/2020\/12\/DSC07056-768x510.jpg 768w, https:\/\/kita-schaftlach.de\/wp-content\/uploads\/2020\/12\/DSC07056-2048x1361.jpg 2048w\" sizes=\"auto, (max-width: 525px) 100vw, 525px\" \/><\/p>\n<p><img loading=\"lazy\" decoding=\"async\" class=\"alignleft wp-image-1337 size-large\" src=\"http:\/\/kita-schaftlach.de\/wp-content\/uploads\/2022\/05\/20220517_131958-576x1024.jpg\" alt=\"\" width=\"525\" height=\"933\" srcset=\"https:\/\/kita-schaftlach.de\/wp-content\/uploads\/2022\/05\/20220517_131958-576x1024.jpg 576w, https:\/\/kita-schaftlach.de\/wp-content\/uploads\/2022\/05\/20220517_131958-169x300.jpg 169w, https:\/\/kita-schaftlach.de\/wp-content\/uploads\/2022\/05\/20220517_131958-768x1365.jpg 768w, https:\/\/kita-schaftlach.de\/wp-content\/uploads\/2022\/05\/20220517_131958-864x1536.jpg 864w, https:\/\/kita-schaftlach.de\/wp-content\/uploads\/2022\/05\/20220517_131958-1152x2048.jpg 1152w, https:\/\/kita-schaftlach.de\/wp-content\/uploads\/2022\/05\/20220517_131958-scaled.jpg 1440w\" sizes=\"auto, (max-width: 525px) 100vw, 525px\" \/><\/p>\n<p><img loading=\"lazy\" decoding=\"async\" class=\"alignleft wp-image-1338 size-large\" src=\"http:\/\/kita-schaftlach.de\/wp-content\/uploads\/2022\/05\/20220512_151509-576x1024.jpg\" alt=\"\" width=\"525\" height=\"933\" srcset=\"https:\/\/kita-schaftlach.de\/wp-content\/uploads\/2022\/05\/20220512_151509-576x1024.jpg 576w, https:\/\/kita-schaftlach.de\/wp-content\/uploads\/2022\/05\/20220512_151509-169x300.jpg 169w, https:\/\/kita-schaftlach.de\/wp-content\/uploads\/2022\/05\/20220512_151509-768x1365.jpg 768w, https:\/\/kita-schaftlach.de\/wp-content\/uploads\/2022\/05\/20220512_151509-864x1536.jpg 864w, https:\/\/kita-schaftlach.de\/wp-content\/uploads\/2022\/05\/20220512_151509-1152x2048.jpg 1152w, https:\/\/kita-schaftlach.de\/wp-content\/uploads\/2022\/05\/20220512_151509-scaled.jpg 1440w\" sizes=\"auto, (max-width: 525px) 100vw, 525px\" \/><\/p>\n","protected":false},"excerpt":{"rendered":"<p>Im November 2020 wurde im Au\u00dfenbereich (SchuKiSchaWa) eine Nistwand f\u00fcr Wildbienen installiert. Im Fr\u00fchjahr 2022 schl\u00fcpften dann bei uns die ersten Bienchen aus ihren Larven und durften in ihr neues Heim einziehen. Die ersten Kammern sind inzwischen zugemauert und Eier sind auch schon zu sehen. Wir sind gespannt, wie es weiter geht&#8230; \ud83d\ude42 Ein innovatives &hellip; <\/p>\n<p class=\"link-more\"><a href=\"https:\/\/kita-schaftlach.de\/?page_id=899\" class=\"more-link\"><span class=\"screen-reader-text\">\u201eDie wilden Bienchen von Waakirchen\/Schaftlach\u201c<\/span> weiterlesen<\/a><\/p>\n","protected":false},"author":2,"featured_media":0,"parent":0,"menu_order":0,"comment_status":"closed","ping_status":"closed","template":"","meta":{"footnotes":""},"class_list":["post-899","page","type-page","status-publish","hentry"],"_links":{"self":[{"href":"https:\/\/kita-schaftlach.de\/index.php?rest_route=\/wp\/v2\/pages\/899","targetHints":{"allow":["GET"]}}],"collection":[{"href":"https:\/\/kita-schaftlach.de\/index.php?rest_route=\/wp\/v2\/pages"}],"about":[{"href":"https:\/\/kita-schaftlach.de\/index.php?rest_route=\/wp\/v2\/types\/page"}],"author":[{"embeddable":true,"href":"https:\/\/kita-schaftlach.de\/index.php?rest_route=\/wp\/v2\/users\/2"}],"replies":[{"embeddable":true,"href":"https:\/\/kita-schaftlach.de\/index.php?rest_route=%2Fwp%2Fv2%2Fcomments&post=899"}],"version-history":[{"count":9,"href":"https:\/\/kita-schaftlach.de\/index.php?rest_route=\/wp\/v2\/pages\/899\/revisions"}],"predecessor-version":[{"id":919,"href":"https:\/\/kita-schaftlach.de\/index.php?rest_route=\/wp\/v2\/pages\/899\/revisions\/919"}],"wp:attachment":[{"href":"https:\/\/kita-schaftlach.de\/index.php?rest_route=%2Fwp%2Fv2%2Fmedia&parent=899"}],"curies":[{"name":"wp","href":"https:\/\/api.w.org\/{rel}","templated":true}]}}