{"id":70,"date":"2019-05-24T12:21:01","date_gmt":"2019-05-24T12:21:01","guid":{"rendered":"http:\/\/kita-schaftlach.de\/?page_id=70"},"modified":"2025-09-22T10:03:34","modified_gmt":"2025-09-22T10:03:34","slug":"was-kostet-der-krippenbesuch","status":"publish","type":"page","link":"https:\/\/kita-schaftlach.de\/?page_id=70","title":{"rendered":"Was kostet der Krippenbesuch?"},"content":{"rendered":"<p><span style=\"text-decoration: underline; color: #800000;\"><strong>Beitr\u00e4ge ab 01.07.2025<\/strong><\/span><\/p>\n<table>\n<tbody>\n<tr>\n<td width=\"85\"><strong>t\u00e4glich<\/strong><\/td>\n<td width=\"124\"><strong>w\u00f6chentlich<\/strong><\/td>\n<td width=\"127\"><strong>Krippenbeitrag (mtl.)<\/strong><\/td>\n<td width=\"153\"><strong>Krippenbeitrag f\u00fcr<\/strong><\/p>\n<p><strong>Geschwisterkinder (mtl.)<\/strong><\/td>\n<\/tr>\n<tr>\n<td width=\"85\"><strong>3 \u2013 4 Std.<\/strong><\/td>\n<td width=\"124\"><strong>-20 Std.<\/strong><\/td>\n<td width=\"127\"><strong>232,00 \u20ac<\/strong><\/td>\n<td width=\"153\"><strong>209,00 \u20ac<\/strong><\/td>\n<\/tr>\n<tr>\n<td width=\"85\"><strong>4 \u2013 5 Std.<\/strong><\/td>\n<td width=\"124\"><strong>-25 Std.<\/strong><\/td>\n<td width=\"127\"><strong>255,00 \u20ac<\/strong><\/td>\n<td width=\"153\"><strong>230,00 \u20ac<\/strong><\/td>\n<\/tr>\n<tr>\n<td width=\"85\"><strong>5 \u2013 6 Std.<\/strong><\/td>\n<td width=\"124\"><strong>-30 Std.<\/strong><\/td>\n<td width=\"127\"><strong>281,00 \u20ac<\/strong><\/td>\n<td width=\"153\"><strong>253,00 \u20ac<\/strong><\/td>\n<\/tr>\n<tr>\n<td width=\"85\"><strong>6 \u2013 7 Std.<\/strong><\/td>\n<td width=\"124\"><strong>-35 Std.<\/strong><\/td>\n<td width=\"127\"><strong>309,00 \u20ac<\/strong><\/td>\n<td width=\"153\"><strong>287,00 \u20ac<\/strong><\/td>\n<\/tr>\n<tr>\n<td width=\"85\"><strong>7 \u2013 8 Std.<\/strong><\/td>\n<td width=\"124\"><strong>-40 Std.<\/strong><\/td>\n<td width=\"127\"><strong>340,00 \u20ac<\/strong><\/td>\n<td width=\"153\"><strong>306,00 \u20ac<\/strong><\/td>\n<\/tr>\n<tr>\n<td width=\"85\"><strong>8 \u2013 9 Std.<\/strong><\/td>\n<td width=\"124\"><strong>-45 Std.<\/strong><\/td>\n<td width=\"127\"><strong>374,00 \u20ac<\/strong><\/td>\n<td width=\"153\"><strong>337,00 \u20ac<\/strong><\/td>\n<\/tr>\n<tr>\n<td width=\"85\"><strong>9 \u2013 10 Std.<\/strong><\/td>\n<td width=\"124\"><strong>\u00a0<\/strong><\/td>\n<td width=\"127\"><strong>410,00 \u20ac<\/strong><\/td>\n<td width=\"153\"><strong>365,00 \u20ac<\/strong><\/td>\n<\/tr>\n<\/tbody>\n<\/table>\n<ul>\n<li>Mindestbuchung: 4 Tagen \u00e0 4 Stunden in der Kernzeit<\/li>\n<li>zzgl. Spiel-, Folien und Fotogeld 6,00 \u20ac (mtl.)<\/li>\n<\/ul>\n<p>Die Geb\u00fchren werden f\u00fcr 12 Monate berechnet und bei Bedarf den laufenden, steigenden Kosten angepasst.<\/p>\n<p>Kindergartenbetreuungszuschuss: -100 \u20ac f\u00fcr Kinder ab September dem Jahres, in welchem sie 3 Jahre werden<\/p>\n<p>Das Mittagessen wird vom <a href=\"http:\/\/www.wieser-catering.de\/\">Catering Wieser <\/a>t\u00e4glich frisch, ausgewogen und abwechslungsreich zubereitet. Die Kosten pro Essen betragen zus\u00e4tzlich 3,30 \u20ac. <span id=\"page3R_mcid9\" class=\"markedContent\"><span dir=\"ltr\" role=\"presentation\">Krippenkinder<\/span> <span dir=\"ltr\" role=\"presentation\">k\u00f6nnen die Essensoption wochenweise anpassen.<\/span> <\/span><span id=\"page3R_mcid9\" class=\"markedContent\"><span dir=\"ltr\" role=\"presentation\">Die Essensbuchung ist <\/span><span dir=\"ltr\" role=\"presentation\">dann f\u00fcr die komplette Woche bindend. Au\u00dfer bei Krankheit ist<\/span> <span dir=\"ltr\" role=\"presentation\">eine Abmeldung m\u00f6glich.<\/span><\/span><\/p>\n<p>Per E-Mail k\u00f6nnen die Eltern ihre Kinder an- bzw. abmelden. Diese muss sp\u00e4testens freitags bis 8.30 Uhr per E-Mail f\u00fcr die folgende Woche get\u00e4tigt werden. Die genauen Regelungen sind in der P\u00e4dagogischen Konzeption und <a href=\"https:\/\/kita-schaftlach.de\/wp-content\/uploads\/2023\/08\/Konzeption-Haus-fuer-Kinder-Schaftlach-inkl.-Gliederung.pdf\">hier<\/a> zu finden. Speisepl\u00e4ne finden Sie als Aushang in der Einrichtung und <a href=\"https:\/\/kita-schaftlach.de\/?page_id=1100\">online auf der Kita-Website<\/a>.<\/p>\n","protected":false},"excerpt":{"rendered":"<p>Beitr\u00e4ge ab 01.07.2025 t\u00e4glich w\u00f6chentlich Krippenbeitrag (mtl.) Krippenbeitrag f\u00fcr Geschwisterkinder (mtl.) 3 \u2013 4 Std. -20 Std. 232,00 \u20ac 209,00 \u20ac 4 \u2013 5 Std. -25 Std. 255,00 \u20ac 230,00 \u20ac 5 \u2013 6 Std. -30 Std. 281,00 \u20ac 253,00 \u20ac 6 \u2013 7 Std. -35 Std. 309,00 \u20ac 287,00 \u20ac 7 \u2013 8 Std. &hellip; <\/p>\n<p class=\"link-more\"><a href=\"https:\/\/kita-schaftlach.de\/?page_id=70\" class=\"more-link\"><span class=\"screen-reader-text\">\u201eWas kostet der Krippenbesuch?\u201c<\/span> weiterlesen<\/a><\/p>\n","protected":false},"author":2,"featured_media":0,"parent":0,"menu_order":0,"comment_status":"closed","ping_status":"closed","template":"","meta":{"footnotes":""},"class_list":["post-70","page","type-page","status-publish","hentry"],"_links":{"self":[{"href":"https:\/\/kita-schaftlach.de\/index.php?rest_route=\/wp\/v2\/pages\/70","targetHints":{"allow":["GET"]}}],"collection":[{"href":"https:\/\/kita-schaftlach.de\/index.php?rest_route=\/wp\/v2\/pages"}],"about":[{"href":"https:\/\/kita-schaftlach.de\/index.php?rest_route=\/wp\/v2\/types\/page"}],"author":[{"embeddable":true,"href":"https:\/\/kita-schaftlach.de\/index.php?rest_route=\/wp\/v2\/users\/2"}],"replies":[{"embeddable":true,"href":"https:\/\/kita-schaftlach.de\/index.php?rest_route=%2Fwp%2Fv2%2Fcomments&post=70"}],"version-history":[{"count":31,"href":"https:\/\/kita-schaftlach.de\/index.php?rest_route=\/wp\/v2\/pages\/70\/revisions"}],"predecessor-version":[{"id":2132,"href":"https:\/\/kita-schaftlach.de\/index.php?rest_route=\/wp\/v2\/pages\/70\/revisions\/2132"}],"wp:attachment":[{"href":"https:\/\/kita-schaftlach.de\/index.php?rest_route=%2Fwp%2Fv2%2Fmedia&parent=70"}],"curies":[{"name":"wp","href":"https:\/\/api.w.org\/{rel}","templated":true}]}}