{"id":7,"date":"2019-03-12T16:37:35","date_gmt":"2019-03-12T16:37:35","guid":{"rendered":"http:\/\/kita-schaftlach.de\/?page_id=7"},"modified":"2020-04-02T14:02:37","modified_gmt":"2020-04-02T14:02:37","slug":"kiga","status":"publish","type":"page","link":"https:\/\/kita-schaftlach.de\/?page_id=7","title":{"rendered":"Kindergarten"},"content":{"rendered":"\r\n\r\n\r\n<p>In unserer Einrichtung wird das p\u00e4dagogische <br \/>Konzept der teiloffenen Gruppenarbeit praktiziert. W\u00e4hrend der Freispielzeit haben die Kinder die Gelegenheit, ihre Spielaktivit\u00e4t, den Spielpartner und den Ort selbst zu w\u00e4hlen. Sie haben die M\u00f6glichkeit, in allen Gruppen, im Mal- und Bastelzimmer, in der Ruheecke, im Gang, in der Turnhalle oder nach Absprache in der Kinderkrippe zu spielen.<\/p>\r\n\r\n\r\n\r\n<figure id=\"attachment_159\" aria-describedby=\"caption-attachment-159\" style=\"width: 2560px\" class=\"wp-caption alignnone\"><img loading=\"lazy\" decoding=\"async\" class=\"wp-image-159 size-full\" src=\"http:\/\/kita-schaftlach.de\/wp-content\/uploads\/2020\/03\/DSC06297-scaled.jpg\" alt=\"Au\u00dfenanlage Kindergarten\" width=\"2560\" height=\"1701\" srcset=\"https:\/\/kita-schaftlach.de\/wp-content\/uploads\/2020\/03\/DSC06297-scaled.jpg 2560w, https:\/\/kita-schaftlach.de\/wp-content\/uploads\/2020\/03\/DSC06297-300x199.jpg 300w, https:\/\/kita-schaftlach.de\/wp-content\/uploads\/2020\/03\/DSC06297-1024x680.jpg 1024w, https:\/\/kita-schaftlach.de\/wp-content\/uploads\/2020\/03\/DSC06297-768x510.jpg 768w, https:\/\/kita-schaftlach.de\/wp-content\/uploads\/2020\/03\/DSC06297-1536x1021.jpg 1536w, https:\/\/kita-schaftlach.de\/wp-content\/uploads\/2020\/03\/DSC06297-2048x1361.jpg 2048w\" sizes=\"auto, (max-width: 767px) 89vw, (max-width: 1000px) 54vw, (max-width: 1071px) 543px, 580px\" \/><figcaption id=\"caption-attachment-159\" class=\"wp-caption-text\">Au\u00dfenanlage des Kindergarten<\/figcaption><\/figure>\r\n","protected":false},"excerpt":{"rendered":"<p>In unserer Einrichtung wird das p\u00e4dagogische Konzept der teiloffenen Gruppenarbeit praktiziert. W\u00e4hrend der Freispielzeit haben die Kinder die Gelegenheit, ihre Spielaktivit\u00e4t, den Spielpartner und den Ort selbst zu w\u00e4hlen. Sie haben die M\u00f6glichkeit, in allen Gruppen, im Mal- und Bastelzimmer, in der Ruheecke, im Gang, in der Turnhalle oder nach Absprache in der Kinderkrippe zu &hellip; <\/p>\n<p class=\"link-more\"><a href=\"https:\/\/kita-schaftlach.de\/?page_id=7\" class=\"more-link\"><span class=\"screen-reader-text\">\u201eKindergarten\u201c<\/span> weiterlesen<\/a><\/p>\n","protected":false},"author":1,"featured_media":0,"parent":0,"menu_order":0,"comment_status":"closed","ping_status":"closed","template":"","meta":{"footnotes":""},"class_list":["post-7","page","type-page","status-publish","hentry"],"_links":{"self":[{"href":"https:\/\/kita-schaftlach.de\/index.php?rest_route=\/wp\/v2\/pages\/7","targetHints":{"allow":["GET"]}}],"collection":[{"href":"https:\/\/kita-schaftlach.de\/index.php?rest_route=\/wp\/v2\/pages"}],"about":[{"href":"https:\/\/kita-schaftlach.de\/index.php?rest_route=\/wp\/v2\/types\/page"}],"author":[{"embeddable":true,"href":"https:\/\/kita-schaftlach.de\/index.php?rest_route=\/wp\/v2\/users\/1"}],"replies":[{"embeddable":true,"href":"https:\/\/kita-schaftlach.de\/index.php?rest_route=%2Fwp%2Fv2%2Fcomments&post=7"}],"version-history":[{"count":12,"href":"https:\/\/kita-schaftlach.de\/index.php?rest_route=\/wp\/v2\/pages\/7\/revisions"}],"predecessor-version":[{"id":301,"href":"https:\/\/kita-schaftlach.de\/index.php?rest_route=\/wp\/v2\/pages\/7\/revisions\/301"}],"wp:attachment":[{"href":"https:\/\/kita-schaftlach.de\/index.php?rest_route=%2Fwp%2Fv2%2Fmedia&parent=7"}],"curies":[{"name":"wp","href":"https:\/\/api.w.org\/{rel}","templated":true}]}}