{"id":621,"date":"2020-05-11T14:24:36","date_gmt":"2020-05-11T14:24:36","guid":{"rendered":"http:\/\/kita-schaftlach.de\/?page_id=621"},"modified":"2020-05-11T14:27:48","modified_gmt":"2020-05-11T14:27:48","slug":"kursangebot-englisch-ab-ca-3-jahren","status":"publish","type":"page","link":"https:\/\/kita-schaftlach.de\/?page_id=621","title":{"rendered":"Englisch ab ca. 3 Jahren (Kursangebot)"},"content":{"rendered":"<p><span style=\"color: #3366ff;\"><strong>Englisch f\u00fcr Kinder<\/strong><\/span><\/p>\n<p>Englisch f\u00fcr alle Kinder nach der Helen Doron Methode bietet Ihren Kindern die M\u00f6glichkeit auf spielerische Weise mit viel Spass und Bewegung Englisch zu lernen. Die Methode basiert auf dem Muttersprachenprinzip und wird durch regelm\u00e4ssiges H\u00f6ren zu Hause unterst\u00fctzt um das Eintauchen in die Sprachmelodie zu erleichtern.<\/p>\n<p>Der Kurs findet einmal w\u00f6chentlich im KIndergarten in kleinen Gruppen von maximal 8 Kindern statt und ist geeignet f\u00fcr Kinder ab ca. 3 Jahre.<\/p>\n<p>Vor Kursbeginn werdem alle interessierten Eltern und Kinder zu einer kostenlosen Schnupperstunde eingeladen um die Methode und mich kennenzulernen.<\/p>\n<p><span style=\"text-decoration: underline;\">Noch kurz zu meiner Person:<\/span><\/p>\n<p>Mein Name ist Gertraud Hartl, ich bin staatlich gepr\u00fcfte \u00dcbersetzerin f\u00fcr Englisch und habe eine Ausbildung in der Montessori P\u00e4dagogik abgeschlossen. Ich arbeite schon seit vielen Jahren als Helen Doron Lehrerin, nehme regelm\u00e4ssig an Fortbildungen teil und bin im Austausch mit meinen KollegInnen die weltweit nach dieser Methode unterrichten.<\/p>\n","protected":false},"excerpt":{"rendered":"<p>Englisch f\u00fcr Kinder Englisch f\u00fcr alle Kinder nach der Helen Doron Methode bietet Ihren Kindern die M\u00f6glichkeit auf spielerische Weise mit viel Spass und Bewegung Englisch zu lernen. Die Methode basiert auf dem Muttersprachenprinzip und wird durch regelm\u00e4ssiges H\u00f6ren zu Hause unterst\u00fctzt um das Eintauchen in die Sprachmelodie zu erleichtern. Der Kurs findet einmal w\u00f6chentlich &hellip; <\/p>\n<p class=\"link-more\"><a href=\"https:\/\/kita-schaftlach.de\/?page_id=621\" class=\"more-link\"><span class=\"screen-reader-text\">\u201eEnglisch ab ca. 3 Jahren (Kursangebot)\u201c<\/span> weiterlesen<\/a><\/p>\n","protected":false},"author":2,"featured_media":0,"parent":0,"menu_order":0,"comment_status":"closed","ping_status":"closed","template":"","meta":{"footnotes":""},"class_list":["post-621","page","type-page","status-publish","hentry"],"_links":{"self":[{"href":"https:\/\/kita-schaftlach.de\/index.php?rest_route=\/wp\/v2\/pages\/621","targetHints":{"allow":["GET"]}}],"collection":[{"href":"https:\/\/kita-schaftlach.de\/index.php?rest_route=\/wp\/v2\/pages"}],"about":[{"href":"https:\/\/kita-schaftlach.de\/index.php?rest_route=\/wp\/v2\/types\/page"}],"author":[{"embeddable":true,"href":"https:\/\/kita-schaftlach.de\/index.php?rest_route=\/wp\/v2\/users\/2"}],"replies":[{"embeddable":true,"href":"https:\/\/kita-schaftlach.de\/index.php?rest_route=%2Fwp%2Fv2%2Fcomments&post=621"}],"version-history":[{"count":2,"href":"https:\/\/kita-schaftlach.de\/index.php?rest_route=\/wp\/v2\/pages\/621\/revisions"}],"predecessor-version":[{"id":625,"href":"https:\/\/kita-schaftlach.de\/index.php?rest_route=\/wp\/v2\/pages\/621\/revisions\/625"}],"wp:attachment":[{"href":"https:\/\/kita-schaftlach.de\/index.php?rest_route=%2Fwp%2Fv2%2Fmedia&parent=621"}],"curies":[{"name":"wp","href":"https:\/\/api.w.org\/{rel}","templated":true}]}}