{"id":57,"date":"2019-05-08T13:42:45","date_gmt":"2019-05-08T13:42:45","guid":{"rendered":"http:\/\/kita-schaftlach.de\/?page_id=57"},"modified":"2024-02-26T09:33:10","modified_gmt":"2024-02-26T09:33:10","slug":"oeffnungszeiten-krippe","status":"publish","type":"page","link":"https:\/\/kita-schaftlach.de\/?page_id=57","title":{"rendered":"\u00d6ffnungszeiten Krippe"},"content":{"rendered":"<p><strong>Montag bis Donnerstag\u00a0 \u00a0\u00a0\u00a0\u00a0\u00a0\u00a0\u00a0\u00a0\u00a0\u00a0\u00a0\u00a0 7.00 &#8211;\u00a0 16.30 Uhr Freitag\u00a0\u00a0\u00a0\u00a0\u00a0\u00a0\u00a0\u00a0\u00a0\u00a0\u00a0\u00a0\u00a0\u00a0\u00a0\u00a0\u00a0\u00a0\u00a0\u00a0\u00a0\u00a0\u00a0\u00a0\u00a0\u00a0\u00a0\u00a0\u00a0\u00a0\u00a0\u00a0\u00a0\u00a0\u00a0\u00a0\u00a0\u00a0\u00a0\u00a0\u00a0\u00a0\u00a0\u00a0\u00a0\u00a0\u00a0\u00a0\u00a0\u00a0\u00a0\u00a0\u00a0 7.00 &#8211;\u00a0 15.00 Uhr\u00a0\u00a0 <\/strong><\/p>\n<p>Die Kernzeit in der Kinderkrippe ist von 8:30 bis 12:00 Uhr. Eine Buchung ohne Mittagruhe kann bis 12:00 Uhr erfolgen, die n\u00e4chsten Abholzeiten sind dann um 14:00 und ab 15:00 Uhr bis 16:30 Uhr. In drei Gruppen \u2013 den Erdm\u00e4nnchen, Maulw\u00fcrfen und Hasen \u2013 werden je 12 Kinder von insgesamt zehn Betreuerinnen, unter der Leitung von Magdalena K\u00f6stler, betreut.<\/p>\n<p>Die Schlie\u00dftage der Kindertagesst\u00e4tte werden rechtzeitig bekannt gegeben und k\u00f6nnen bis zu 30 Tage im Abrechnungsjahr (Jan. \u2013 Dez.) und bis zu f\u00fcnf Fortbildungstage beinhalten. In der Regel ist die Einrichtung im August drei Wochen, an Br\u00fcckentagen und w\u00e4hrend den Weihnachtsferien geschlossen.<\/p>\n","protected":false},"excerpt":{"rendered":"<p>Montag bis Donnerstag\u00a0 \u00a0\u00a0\u00a0\u00a0\u00a0\u00a0\u00a0\u00a0\u00a0\u00a0\u00a0\u00a0 7.00 &#8211;\u00a0 16.30 Uhr Freitag\u00a0\u00a0\u00a0\u00a0\u00a0\u00a0\u00a0\u00a0\u00a0\u00a0\u00a0\u00a0\u00a0\u00a0\u00a0\u00a0\u00a0\u00a0\u00a0\u00a0\u00a0\u00a0\u00a0\u00a0\u00a0\u00a0\u00a0\u00a0\u00a0\u00a0\u00a0\u00a0\u00a0\u00a0\u00a0\u00a0\u00a0\u00a0\u00a0\u00a0\u00a0\u00a0\u00a0\u00a0\u00a0\u00a0\u00a0\u00a0\u00a0\u00a0\u00a0\u00a0\u00a0 7.00 &#8211;\u00a0 15.00 Uhr\u00a0\u00a0 Die Kernzeit in der Kinderkrippe ist von 8:30 bis 12:00 Uhr. Eine Buchung ohne Mittagruhe kann bis 12:00 Uhr erfolgen, die n\u00e4chsten Abholzeiten sind dann um 14:00 und ab 15:00 Uhr bis 16:30 Uhr. In drei Gruppen \u2013 den Erdm\u00e4nnchen, Maulw\u00fcrfen und &hellip; <\/p>\n<p class=\"link-more\"><a href=\"https:\/\/kita-schaftlach.de\/?page_id=57\" class=\"more-link\"><span class=\"screen-reader-text\">\u201e\u00d6ffnungszeiten Krippe\u201c<\/span> weiterlesen<\/a><\/p>\n","protected":false},"author":2,"featured_media":0,"parent":0,"menu_order":0,"comment_status":"closed","ping_status":"closed","template":"","meta":{"footnotes":""},"class_list":["post-57","page","type-page","status-publish","hentry"],"_links":{"self":[{"href":"https:\/\/kita-schaftlach.de\/index.php?rest_route=\/wp\/v2\/pages\/57","targetHints":{"allow":["GET"]}}],"collection":[{"href":"https:\/\/kita-schaftlach.de\/index.php?rest_route=\/wp\/v2\/pages"}],"about":[{"href":"https:\/\/kita-schaftlach.de\/index.php?rest_route=\/wp\/v2\/types\/page"}],"author":[{"embeddable":true,"href":"https:\/\/kita-schaftlach.de\/index.php?rest_route=\/wp\/v2\/users\/2"}],"replies":[{"embeddable":true,"href":"https:\/\/kita-schaftlach.de\/index.php?rest_route=%2Fwp%2Fv2%2Fcomments&post=57"}],"version-history":[{"count":5,"href":"https:\/\/kita-schaftlach.de\/index.php?rest_route=\/wp\/v2\/pages\/57\/revisions"}],"predecessor-version":[{"id":1846,"href":"https:\/\/kita-schaftlach.de\/index.php?rest_route=\/wp\/v2\/pages\/57\/revisions\/1846"}],"wp:attachment":[{"href":"https:\/\/kita-schaftlach.de\/index.php?rest_route=%2Fwp%2Fv2%2Fmedia&parent=57"}],"curies":[{"name":"wp","href":"https:\/\/api.w.org\/{rel}","templated":true}]}}