{"id":517,"date":"2020-04-30T13:24:07","date_gmt":"2020-04-30T13:24:07","guid":{"rendered":"http:\/\/kita-schaftlach.de\/?page_id=517"},"modified":"2020-05-11T14:16:51","modified_gmt":"2020-05-11T14:16:51","slug":"raetselecke-mal-knifflig-mal-leicht","status":"publish","type":"page","link":"https:\/\/kita-schaftlach.de\/?page_id=517","title":{"rendered":"R\u00e4tselecke"},"content":{"rendered":"<p><span style=\"font-family: comic sans ms, sans-serif;\"><a href=\"http:\/\/kita-schaftlach.de\/wp-content\/uploads\/2020\/04\/R\u00e4tsel-Vol.-1-30.04..pdf\">R\u00e4tsel Vol. 1 (30.04.) <\/a><a href=\"http:\/\/kita-schaftlach.de\/wp-content\/uploads\/2020\/04\/R\u00e4tsel-Vol.-2-30.04..pdf\"><img loading=\"lazy\" decoding=\"async\" class=\"alignright wp-image-559\" src=\"http:\/\/kita-schaftlach.de\/wp-content\/uploads\/2020\/04\/R\u00e4tsel-300x260.jpg\" alt=\"\" width=\"200\" height=\"173\" srcset=\"https:\/\/kita-schaftlach.de\/wp-content\/uploads\/2020\/04\/R\u00e4tsel-300x260.jpg 300w, https:\/\/kita-schaftlach.de\/wp-content\/uploads\/2020\/04\/R\u00e4tsel.jpg 351w\" sizes=\"auto, (max-width: 200px) 100vw, 200px\" \/><\/a><\/span><\/p>\n<p><span style=\"font-family: comic sans ms, sans-serif;\"><a href=\"http:\/\/kita-schaftlach.de\/wp-content\/uploads\/2020\/04\/R\u00e4tsel-Vol.-2-30.04..pdf\">R\u00e4tsel Vol. 2 (30.04.)<\/a><\/span><\/p>\n<p><span style=\"font-family: comic sans ms, sans-serif;\"><a href=\"http:\/\/kita-schaftlach.de\/wp-content\/uploads\/2020\/04\/R\u00e4tsel-Vol.-3-30.04..pdf\">R\u00e4tsel Vol. 3 (30.04.)<\/a><\/span><\/p>\n<p><span style=\"font-family: comic sans ms, sans-serif;\"><a href=\"http:\/\/kita-schaftlach.de\/wp-content\/uploads\/2020\/04\/R\u00e4tsel-Vol.-4-30.04..pdf\">R\u00e4tsel Vol. 4 (30.04.)<\/a><\/span><\/p>\n<p><span style=\"font-family: comic sans ms, sans-serif;\"><a href=\"http:\/\/kita-schaftlach.de\/wp-content\/uploads\/2020\/04\/R\u00e4tsel.pdf\">R\u00e4tsel<\/a><\/span><\/p>\n","protected":false},"excerpt":{"rendered":"<p>R\u00e4tsel Vol. 1 (30.04.) R\u00e4tsel Vol. 2 (30.04.) R\u00e4tsel Vol. 3 (30.04.) R\u00e4tsel Vol. 4 (30.04.) R\u00e4tsel<\/p>\n","protected":false},"author":2,"featured_media":0,"parent":0,"menu_order":0,"comment_status":"closed","ping_status":"closed","template":"","meta":{"footnotes":""},"class_list":["post-517","page","type-page","status-publish","hentry"],"_links":{"self":[{"href":"https:\/\/kita-schaftlach.de\/index.php?rest_route=\/wp\/v2\/pages\/517","targetHints":{"allow":["GET"]}}],"collection":[{"href":"https:\/\/kita-schaftlach.de\/index.php?rest_route=\/wp\/v2\/pages"}],"about":[{"href":"https:\/\/kita-schaftlach.de\/index.php?rest_route=\/wp\/v2\/types\/page"}],"author":[{"embeddable":true,"href":"https:\/\/kita-schaftlach.de\/index.php?rest_route=\/wp\/v2\/users\/2"}],"replies":[{"embeddable":true,"href":"https:\/\/kita-schaftlach.de\/index.php?rest_route=%2Fwp%2Fv2%2Fcomments&post=517"}],"version-history":[{"count":10,"href":"https:\/\/kita-schaftlach.de\/index.php?rest_route=\/wp\/v2\/pages\/517\/revisions"}],"predecessor-version":[{"id":618,"href":"https:\/\/kita-schaftlach.de\/index.php?rest_route=\/wp\/v2\/pages\/517\/revisions\/618"}],"wp:attachment":[{"href":"https:\/\/kita-schaftlach.de\/index.php?rest_route=%2Fwp%2Fv2%2Fmedia&parent=517"}],"curies":[{"name":"wp","href":"https:\/\/api.w.org\/{rel}","templated":true}]}}