{"id":486,"date":"2020-04-24T12:35:30","date_gmt":"2020-04-24T12:35:30","guid":{"rendered":"http:\/\/kita-schaftlach.de\/?page_id=486"},"modified":"2022-01-12T07:46:59","modified_gmt":"2022-01-12T07:46:59","slug":"personalstruktur-im-haus-fuer-kinder","status":"publish","type":"page","link":"https:\/\/kita-schaftlach.de\/?page_id=486","title":{"rendered":"Personalstruktur im Haus f\u00fcr Kinder"},"content":{"rendered":"<p>Wir orientieren uns am BayKiBiG empfohlenen Anstellungsschl\u00fcssel von 1:10 und gew\u00e4hrleisten, dass mindestens 50 v.H. der erforderlichen Arbeitszeit des Personals von p\u00e4dagogischen Fachkr\u00e4ften geleistet wird. Die Arbeitszeit wird so gestaltet, dass angemessene Verf\u00fcgungszeit vorgesehen wird. Der konkrete Schl\u00fcssel richtet sich nach der Besuchsstruktur sowie den Buchungszeiten.<\/p>\n<p>Die Gesamtleitung\u00a0 ist vom Gruppendienst freigestellt. Die stellvertretenden Leitungen sind als Gruppenleitungen t\u00e4tig, koordinieren den Einsatz des Personals und unterst\u00fctzen die Leitung.<\/p>\n<p>F\u00fcr jede Gruppe steht eine p\u00e4dagogische Fachkraft (i.d.R. Erzieher\/-in) und eine p\u00e4dagogische Erg\u00e4nzungkraft (i.d.R. Kinderpfeger\/-in) zur Verf\u00fcgung, teilweise auch eine Drittkraft und Springer.<\/p>\n<p>Eine Catering bereitet f\u00fcr die Kinder ein frisches und gesundes Mittagessen zu.<\/p>\n<p>Vier Reinigungskr\u00e4fte sind in den drei H\u00e4usern t\u00e4tig.<\/p>\n","protected":false},"excerpt":{"rendered":"<p>Wir orientieren uns am BayKiBiG empfohlenen Anstellungsschl\u00fcssel von 1:10 und gew\u00e4hrleisten, dass mindestens 50 v.H. der erforderlichen Arbeitszeit des Personals von p\u00e4dagogischen Fachkr\u00e4ften geleistet wird. Die Arbeitszeit wird so gestaltet, dass angemessene Verf\u00fcgungszeit vorgesehen wird. Der konkrete Schl\u00fcssel richtet sich nach der Besuchsstruktur sowie den Buchungszeiten. Die Gesamtleitung\u00a0 ist vom Gruppendienst freigestellt. Die stellvertretenden Leitungen &hellip; <\/p>\n<p class=\"link-more\"><a href=\"https:\/\/kita-schaftlach.de\/?page_id=486\" class=\"more-link\"><span class=\"screen-reader-text\">\u201ePersonalstruktur im Haus f\u00fcr Kinder\u201c<\/span> weiterlesen<\/a><\/p>\n","protected":false},"author":2,"featured_media":0,"parent":0,"menu_order":0,"comment_status":"closed","ping_status":"closed","template":"","meta":{"footnotes":""},"class_list":["post-486","page","type-page","status-publish","hentry"],"_links":{"self":[{"href":"https:\/\/kita-schaftlach.de\/index.php?rest_route=\/wp\/v2\/pages\/486","targetHints":{"allow":["GET"]}}],"collection":[{"href":"https:\/\/kita-schaftlach.de\/index.php?rest_route=\/wp\/v2\/pages"}],"about":[{"href":"https:\/\/kita-schaftlach.de\/index.php?rest_route=\/wp\/v2\/types\/page"}],"author":[{"embeddable":true,"href":"https:\/\/kita-schaftlach.de\/index.php?rest_route=\/wp\/v2\/users\/2"}],"replies":[{"embeddable":true,"href":"https:\/\/kita-schaftlach.de\/index.php?rest_route=%2Fwp%2Fv2%2Fcomments&post=486"}],"version-history":[{"count":8,"href":"https:\/\/kita-schaftlach.de\/index.php?rest_route=\/wp\/v2\/pages\/486\/revisions"}],"predecessor-version":[{"id":1262,"href":"https:\/\/kita-schaftlach.de\/index.php?rest_route=\/wp\/v2\/pages\/486\/revisions\/1262"}],"wp:attachment":[{"href":"https:\/\/kita-schaftlach.de\/index.php?rest_route=%2Fwp%2Fv2%2Fmedia&parent=486"}],"curies":[{"name":"wp","href":"https:\/\/api.w.org\/{rel}","templated":true}]}}