{"id":42,"date":"2019-04-16T13:00:11","date_gmt":"2019-04-16T13:00:11","guid":{"rendered":"http:\/\/kita-schaftlach.de\/?page_id=42"},"modified":"2024-12-09T11:21:53","modified_gmt":"2024-12-09T11:21:53","slug":"kontakt","status":"publish","type":"page","link":"https:\/\/kita-schaftlach.de\/?page_id=42","title":{"rendered":"Kontakt"},"content":{"rendered":"<p><span style=\"color: #333333;\"><strong>Bei Fragen zur <a style=\"color: #333333;\" href=\"http:\/\/kita-schaftlach.de\/?page_id=783\">Vormerkung in unserer Einrichtung (klicken f\u00fcr mehr Infos) <\/a>oder schicken Sie eine E-Mail (Adressen s.u.) mit Ihren beschriebenen Anliegen!<\/strong><\/span><\/p>\n<p><span style=\"color: #003366;\"><strong>Gesamtleitung<\/strong> <strong>Haus f\u00fcr Kinder:<\/strong><\/span> Magdalena K\u00f6stler<\/p>\n<p><span style=\"color: #003366;\"><strong>stellvertr. Gesamtleitung Haus f\u00fcr Kinder:<\/strong><\/span> Barbara Schulz<\/p>\n<p><span style=\"color: #003366;\"><strong>Leitung Hort:<\/strong><\/span> Helga Schneid<\/p>\n<p><span style=\"color: #003366;\"><strong>Stellvertretung Kindergarten:<\/strong><\/span> Barbara Seybold<\/p>\n<p>&nbsp;<\/p>\n<p><span style=\"color: #008000;\"><strong>Telefon:<\/strong><\/span><\/p>\n<ul style=\"list-style-type: square;\">\n<li><span style=\"color: #008000;\"><em>Telefonzeiten Krippe\/ Kiga:<\/em><\/span><\/li>\n<li>Mo &#8211; Do\u00a0 7.00 &#8211; 8.30 Uhr\u00a0 und\u00a0 13.00 &#8211; 16.00 Uhr<\/li>\n<li>Freitag\u00a0 \u00a0 7.00 &#8211; 8.30 Uhr\u00a0 und\u00a0 13.00 &#8211; 15.00 Uhr<\/li>\n<\/ul>\n<ul>\n<li style=\"list-style-type: none;\">\n<ul style=\"list-style-type: circle;\">\n<li><strong>Krippe<\/strong>:\u00a0\u00a0\u00a0\u00a0\u00a0\u00a0\u00a0\u00a0\u00a0\u00a0\u00a0\u00a0\u00a0\u00a0\u00a0\u00a0\u00a0\u00a0\u00a0\u00a0\u00a0\u00a0\u00a0 +49 8021\/507623<\/li>\n<li><strong>Kindergarten<\/strong>:\u00a0\u00a0\u00a0\u00a0\u00a0\u00a0\u00a0\u00a0 +49 8021\/8180<\/li>\n<li><strong>Hort<\/strong>:\u00a0\u00a0\u00a0\u00a0\u00a0\u00a0\u00a0\u00a0\u00a0\u00a0\u00a0\u00a0\u00a0\u00a0\u00a0\u00a0\u00a0\u00a0\u00a0\u00a0\u00a0\u00a0\u00a0\u00a0\u00a0\u00a0\u00a0\u00a0 +49 8021\/422<\/li>\n<\/ul>\n<\/li>\n<\/ul>\n<p><span style=\"color: #008000;\"><strong>E-Mail:<\/strong><\/span><\/p>\n<ul>\n<li style=\"list-style-type: none;\">\n<ul style=\"list-style-type: circle;\">\n<li><strong>Krippe &amp; Kindergarte<\/strong>n: <a href=\"mailto:info@kiga-schaftlach.de\">info@kiga-schaftlach.de<\/a><\/li>\n<li><strong>Hort<\/strong>: \u00a0\u00a0 \u00a0\u00a0 \u00a0\u00a0 \u00a0\u00a0 \u00a0\u00a0 \u00a0\u00a0 \u00a0\u00a0 \u00a0\u00a0 \u00a0\u00a0 \u00a0\u00a0 \u00a0\u00a0 \u00a0\u00a0 \u00a0\u00a0 \u00a0\u00a0<a href=\"mailto:schukischawa@kiga-schaftlach.de\">schukischawa@kiga-schaftlach.de<\/a><\/li>\n<\/ul>\n<\/li>\n<\/ul>\n<p><span style=\"color: #008000;\"><strong>Fax:<\/strong><\/span><\/p>\n<ul>\n<li style=\"list-style-type: none;\">\n<ul style=\"list-style-type: circle;\">\n<li><strong>Krippe &amp; Kindergarten<\/strong>: \u00a0 +49 8021\/507622<\/li>\n<li><strong>Hort<\/strong>:\u00a0\u00a0\u00a0\u00a0\u00a0\u00a0\u00a0\u00a0\u00a0\u00a0\u00a0\u00a0\u00a0\u00a0\u00a0\u00a0\u00a0\u00a0\u00a0\u00a0\u00a0\u00a0\u00a0\u00a0\u00a0\u00a0\u00a0\u00a0\u00a0\u00a0\u00a0\u00a0\u00a0\u00a0\u00a0\u00a0\u00a0\u00a0\u00a0\u00a0\u00a0\u00a0\u00a0 +49 8021\/9565<\/li>\n<\/ul>\n<\/li>\n<\/ul>\n<p><strong><span style=\"color: #008000;\">Tr\u00e4ger:<\/span>\u00a0 <\/strong>Gemeinde Waakirchen<\/p>\n<ul>\n<li style=\"list-style-type: none;\">\n<ul style=\"list-style-type: circle;\">\n<li><strong>Telefon<\/strong>:\u00a0 +49 8021\/9028-0<\/li>\n<li><strong>Fax<\/strong>:\u00a0\u00a0\u00a0\u00a0\u00a0\u00a0\u00a0\u00a0\u00a0\u00a0 +49 8021\/9028-32<\/li>\n<li><strong>E-Mail<\/strong>:\u00a0 \u00a0\u00a0 <a href=\"mailto:info@gemeinde-waakirchen.de\">info@gemeinde-waakirchen.de<\/a><\/li>\n<li><strong>Website<\/strong>: <a href=\"https:\/\/www.waakirchen.de\/de\/startseite\">https:\/\/www.waakirchen.de\/de\/startseite<\/a><\/li>\n<\/ul>\n<\/li>\n<\/ul>\n<p>&nbsp;<\/p>\n","protected":false},"excerpt":{"rendered":"<p>Bei Fragen zur Vormerkung in unserer Einrichtung (klicken f\u00fcr mehr Infos) oder schicken Sie eine E-Mail (Adressen s.u.) mit Ihren beschriebenen Anliegen! Gesamtleitung Haus f\u00fcr Kinder: Magdalena K\u00f6stler stellvertr. Gesamtleitung Haus f\u00fcr Kinder: Barbara Schulz Leitung Hort: Helga Schneid Stellvertretung Kindergarten: Barbara Seybold &nbsp; Telefon: Telefonzeiten Krippe\/ Kiga: Mo &#8211; Do\u00a0 7.00 &#8211; 8.30 Uhr\u00a0 &hellip; <\/p>\n<p class=\"link-more\"><a href=\"https:\/\/kita-schaftlach.de\/?page_id=42\" class=\"more-link\"><span class=\"screen-reader-text\">\u201eKontakt\u201c<\/span> weiterlesen<\/a><\/p>\n","protected":false},"author":2,"featured_media":0,"parent":0,"menu_order":0,"comment_status":"closed","ping_status":"closed","template":"","meta":{"footnotes":""},"class_list":["post-42","page","type-page","status-publish","hentry"],"_links":{"self":[{"href":"https:\/\/kita-schaftlach.de\/index.php?rest_route=\/wp\/v2\/pages\/42","targetHints":{"allow":["GET"]}}],"collection":[{"href":"https:\/\/kita-schaftlach.de\/index.php?rest_route=\/wp\/v2\/pages"}],"about":[{"href":"https:\/\/kita-schaftlach.de\/index.php?rest_route=\/wp\/v2\/types\/page"}],"author":[{"embeddable":true,"href":"https:\/\/kita-schaftlach.de\/index.php?rest_route=\/wp\/v2\/users\/2"}],"replies":[{"embeddable":true,"href":"https:\/\/kita-schaftlach.de\/index.php?rest_route=%2Fwp%2Fv2%2Fcomments&post=42"}],"version-history":[{"count":26,"href":"https:\/\/kita-schaftlach.de\/index.php?rest_route=\/wp\/v2\/pages\/42\/revisions"}],"predecessor-version":[{"id":1853,"href":"https:\/\/kita-schaftlach.de\/index.php?rest_route=\/wp\/v2\/pages\/42\/revisions\/1853"}],"wp:attachment":[{"href":"https:\/\/kita-schaftlach.de\/index.php?rest_route=%2Fwp%2Fv2%2Fmedia&parent=42"}],"curies":[{"name":"wp","href":"https:\/\/api.w.org\/{rel}","templated":true}]}}