{"id":357,"date":"2020-04-08T13:15:55","date_gmt":"2020-04-08T13:15:55","guid":{"rendered":"http:\/\/kita-schaftlach.de\/?page_id=357"},"modified":"2020-04-24T12:33:33","modified_gmt":"2020-04-24T12:33:33","slug":"ankommen-im-hort","status":"publish","type":"page","link":"https:\/\/kita-schaftlach.de\/?page_id=357","title":{"rendered":"\u00dcbergang in den Hort"},"content":{"rendered":"<p><strong>\u00dcbergang und Eingew\u00f6hnung vom hausinternen Kindergarten in die SchuKiSchaWa:<\/strong><\/p>\n<p>Die zuk\u00fcnftigen Erstkl\u00e4ssler haben die Chance mit ihrem Kindergarten mehrfach die SchuKiSchaWa zu besuchen. Sie nehmen am Mittagessen teil, an der Ankunftssituation und ebenso d\u00fcrfen sie auch bei den Hausaufgaben schon mal reinschnuppern.<\/p>\n<p>Selbstverst\u00e4ndlich darf das Freispiel nicht fehlen, sie lernen neue Kinder kennen und treffen h\u00e4ufig auf Kinder die sie aus dem Kindergarten schon kennen.<\/p>\n<p>Die letzte Woche in den Sommerferien k\u00f6nnen die zuk\u00fcnftigen Erstkl\u00e4ssler schon in die SchuKiSchaWa und die Ausfl\u00fcge und Angebote in Anspruch nehmen. Dies erm\u00f6glicht den Kindern die R\u00e4umlichkeiten, Mitarbeiter und anderen Kinder in einer Kleingruppen Situation kennen zu lernen.<\/p>\n","protected":false},"excerpt":{"rendered":"<p>\u00dcbergang und Eingew\u00f6hnung vom hausinternen Kindergarten in die SchuKiSchaWa: Die zuk\u00fcnftigen Erstkl\u00e4ssler haben die Chance mit ihrem Kindergarten mehrfach die SchuKiSchaWa zu besuchen. Sie nehmen am Mittagessen teil, an der Ankunftssituation und ebenso d\u00fcrfen sie auch bei den Hausaufgaben schon mal reinschnuppern. Selbstverst\u00e4ndlich darf das Freispiel nicht fehlen, sie lernen neue Kinder kennen und treffen &hellip; <\/p>\n<p class=\"link-more\"><a href=\"https:\/\/kita-schaftlach.de\/?page_id=357\" class=\"more-link\"><span class=\"screen-reader-text\">\u201e\u00dcbergang in den Hort\u201c<\/span> weiterlesen<\/a><\/p>\n","protected":false},"author":2,"featured_media":0,"parent":0,"menu_order":0,"comment_status":"closed","ping_status":"closed","template":"","meta":{"footnotes":""},"class_list":["post-357","page","type-page","status-publish","hentry"],"_links":{"self":[{"href":"https:\/\/kita-schaftlach.de\/index.php?rest_route=\/wp\/v2\/pages\/357","targetHints":{"allow":["GET"]}}],"collection":[{"href":"https:\/\/kita-schaftlach.de\/index.php?rest_route=\/wp\/v2\/pages"}],"about":[{"href":"https:\/\/kita-schaftlach.de\/index.php?rest_route=\/wp\/v2\/types\/page"}],"author":[{"embeddable":true,"href":"https:\/\/kita-schaftlach.de\/index.php?rest_route=\/wp\/v2\/users\/2"}],"replies":[{"embeddable":true,"href":"https:\/\/kita-schaftlach.de\/index.php?rest_route=%2Fwp%2Fv2%2Fcomments&post=357"}],"version-history":[{"count":4,"href":"https:\/\/kita-schaftlach.de\/index.php?rest_route=\/wp\/v2\/pages\/357\/revisions"}],"predecessor-version":[{"id":485,"href":"https:\/\/kita-schaftlach.de\/index.php?rest_route=\/wp\/v2\/pages\/357\/revisions\/485"}],"wp:attachment":[{"href":"https:\/\/kita-schaftlach.de\/index.php?rest_route=%2Fwp%2Fv2%2Fmedia&parent=357"}],"curies":[{"name":"wp","href":"https:\/\/api.w.org\/{rel}","templated":true}]}}