{"id":354,"date":"2020-04-08T13:14:30","date_gmt":"2020-04-08T13:14:30","guid":{"rendered":"http:\/\/kita-schaftlach.de\/?page_id=354"},"modified":"2024-02-26T09:43:40","modified_gmt":"2024-02-26T09:43:40","slug":"eingwoehung-und-uebergaenge-im-kindergarten","status":"publish","type":"page","link":"https:\/\/kita-schaftlach.de\/?page_id=354","title":{"rendered":"Eingew\u00f6hnung und \u00dcberg\u00e4nge im Kindergarten"},"content":{"rendered":"<p><strong>\u00dcbergang und Eingew\u00f6hnung von der Krippe in den Kindergarten:<\/strong><\/p>\n<p>Hat das Kind die Krippe gut durchlaufen, ist der \u00dcbergang in den Kindergarten nicht mehr so gravierend. Alle Krippenkinder, die bis Ende September drei Jahre alt werden, m\u00fcssen in den Kindergarten wechseln. Alle anderen k\u00f6nnen, falls Pl\u00e4tze vorhanden sind, ggf. auch zu einem sp\u00e4teren Zeitpunkt wechseln. Im Januar\/ Februar gibt es dazu eine Buchungsabfrage f\u00fcr das kommende Kita-Jahr f\u00fcr alle Krippenkinder. Der Krippenplatz muss aktiv und rechtzeitig gek\u00fcndigt werden, falls das Kind nicht intern \u00fcbertreten soll.<\/p>\n<p>Vor den Sommerferien d\u00fcrfen die Kinder, die in den Kiga kommen, ihn stunden- und tageweise besuchen. Dabei lernen sie die Betreuer und R\u00e4umlichkeiten kennen, sodass sie nach den Sommerferien stolz und selbstverst\u00e4ndlich in den bereits bekannten Kindergarten wechseln. Au\u00dferdem werden den neuen Kindergartenkindern, gro\u00dfe (Vorschul-)Kinder zur Seite gestellt, die als Ansprechpartner und Unterst\u00fctzer dienen (Patenschaften). Falls ein Kind im Herbst noch eine kleine Unterst\u00fctzung seitens der Eltern ben\u00f6tigt, wird dies individuell in der Gruppe vereinbart.<\/p>\n<p><strong>\u00dcbergang und Eingew\u00f6hnung vom Elternhaus in den Kindergarten:<\/strong><\/p>\n<p>Die Aufnahme und Eingew\u00f6hnung der \u201eneuen\u201c Kiga-Kinder beginnt mit dem Tag der offenen T\u00fcr und der Anmeldung. Hierbei erleben Kinder und Eltern zum ersten Mal unsere Einrichtung und unser Personal. Im Sommer werden die Familien zu einem Schnuppernachmittag in ihre zuk\u00fcnftige Gruppe eingeladen. Dort erleben sie das Gruppengeschehen und es ist Zeit und Raum f\u00fcr Fragen, W\u00fcnsche und Anregungen. Ab September beginnen die Kinder an unterschiedlichen Tagen, damit wir auf jede einzelne Familie eingehen k\u00f6nnen. Bei der Eingew\u00f6hnung bleiben die Bezugspersonen unterst\u00fctzend im Hintergrund. Schrittweise erweitern wir situationsabh\u00e4ngig die Trennungsphasen bis zur vollst\u00e4ndigen Eingew\u00f6hnung. Als zus\u00e4tzliche Unterst\u00fctzer fungieren \u00e4ltere Kinder, welche als Paten das Zurechtfinden im Kiga-Alltag erleichtern. Am Ende der Eingew\u00f6hnung findet ein Abschlussgespr\u00e4ch statt.<\/p>\n<p><strong>\u00dcbergang und Eingew\u00f6hnung vom Kindergarten in die Schule:<\/strong><\/p>\n<p>Um den Vorschulkindern den \u00dcbergang vom Kindergarten in die Schule zu erleichtern und angemessen zu begleiten, finden folgende Angebote statt:<\/p>\n<ul>\n<li>Unsere Vorschulkinder d\u00fcrfen im letzten Kindergartenjahr die Grundschule besuchen und an einer Unterrichtsstunde teilnehmen.<\/li>\n<li>Jedes Jahr besuchen uns die Lehrer und hospitieren bei uns im Kindergarten. Dabei k\u00f6nnen sie sich ein Bild unserer Arbeit machen und eine Einsch\u00e4tzung der k\u00fcnftigen Schulkinder gewinnen.<\/li>\n<li>Vor diesem Lehrerbesuch findet eine Vorbesprechung zwischen Kindergarten und Schule statt.<\/li>\n<li>Durch den Besuch der Unterrichtsstunde und den Lehrerbesuch bei uns, haben wir die M\u00f6glichkeit der gegenseitigen Hospitation und erhalten einen Einblick in die Arbeitsweise des jeweils anderen.<\/li>\n<li>Die Kinder schreiben jedes Jahr einen Brief an die Schule, in welchem sie ihre Fragen bez\u00fcglich des zuk\u00fcnftigen Schulbesuches formulieren. Die Antwort der Schule wird im Kindergarten gemeinsam besprochen.<\/li>\n<li>Im letzten Kindergartenjahr findet auch die Schul- AG statt. Hierbei d\u00fcrfen die Vorschulkinder in Kleingruppen circa vier bis sechs Mal gemeinsam mit Erst- und Zweitkl\u00e4sslern an Projekten teilnehmen. Der Transport der Kinder vom Kindergarten zur Schule wird von den Eltern selbstst\u00e4ndig organisiert und ist versicherungstechnisch eine private Veranstaltung. Zus\u00e4tzlich ben\u00f6tigen wir von allen Eltern, deren Kinder bei anderen mitfahren, eine schriftliche Abhol- und Mitfahrerlaubnis. Nat\u00fcrlich k\u00f6nnen die Eltern ihr Kind auch selber fahren.<\/li>\n<li>F\u00fcr Kinder, die am Vorkurs Deutsch (<em>Gliederungspunkt 8.2.2<\/em>) teilnehmen, kommt regelm\u00e4\u00dfig eine Lehrkraft in unsere Einrichtung.<\/li>\n<li>Der Kindergarten wird seitens der Schule gelegentlich zu Veranstaltungen eingeladen (zum Beispiel Zirkus, Lichtspiel, Theaterauff\u00fchrungen, Informationselternabend und so weiter)<\/li>\n<\/ul>\n<p>Die Eltern werden \u00fcber alle Angebote vorab informiert und m\u00fcssen ihre Einwilligung zum Austausch mit der Schule und der Teilnahme an diesen erteilen, sie k\u00f6nnen ihre Einwilligung jederzeit widerrufen. Alle Angebote sind freiwillig.<\/p>\n<p><strong>\u00dcbergang und Eingew\u00f6hnung vom Kindergarten in die SchuKiSchaWa:<\/strong><\/p>\n<p>Wenn ein \u00dcbertritt intern vom Kindergarten in den Hort gew\u00fcnscht ist, muss rechtzeitig eine entsprechende Vormerkung abgegeben werden, da der Kindergartenplatz bis zum Schuleintritt vergeben wird. Die zuk\u00fcnftigen Hortkinder haben die Chance mit ihrem Kindergarten mehrfach die SchuKiSchaWa zu besuchen. Sie nehmen am Mittagessen teil, an der Ankunftssituation und ebenso d\u00fcrfen sie auch bei den Hausaufgaben schon mal reinschnuppern.<\/p>\n<p>Selbstverst\u00e4ndlich darf das Freispiel nicht fehlen, sie lernen neue Kinder kennen und treffen h\u00e4ufig auch auf Kinder, die sie aus dem Kindergarten schon kennen.<\/p>\n<p>W\u00e4hrend des ganzen Jahres sind f\u00fcr die Kindergartenkinder Besuche in der SchuKiSchaWa m\u00f6glich. Sie k\u00f6nnen dort nach Absprache Angebote in Anspruch nehmen. Dies erm\u00f6glicht den Kindern die R\u00e4umlichkeiten, Mitarbeiter und andere Kinder in einer Kleingruppensituation kennenzulernen.<\/p>\n","protected":false},"excerpt":{"rendered":"<p>\u00dcbergang und Eingew\u00f6hnung von der Krippe in den Kindergarten: Hat das Kind die Krippe gut durchlaufen, ist der \u00dcbergang in den Kindergarten nicht mehr so gravierend. Alle Krippenkinder, die bis Ende September drei Jahre alt werden, m\u00fcssen in den Kindergarten wechseln. Alle anderen k\u00f6nnen, falls Pl\u00e4tze vorhanden sind, ggf. auch zu einem sp\u00e4teren Zeitpunkt wechseln. &hellip; <\/p>\n<p class=\"link-more\"><a href=\"https:\/\/kita-schaftlach.de\/?page_id=354\" class=\"more-link\"><span class=\"screen-reader-text\">\u201eEingew\u00f6hnung und \u00dcberg\u00e4nge im Kindergarten\u201c<\/span> weiterlesen<\/a><\/p>\n","protected":false},"author":2,"featured_media":0,"parent":0,"menu_order":0,"comment_status":"closed","ping_status":"closed","template":"","meta":{"footnotes":""},"class_list":["post-354","page","type-page","status-publish","hentry"],"_links":{"self":[{"href":"https:\/\/kita-schaftlach.de\/index.php?rest_route=\/wp\/v2\/pages\/354","targetHints":{"allow":["GET"]}}],"collection":[{"href":"https:\/\/kita-schaftlach.de\/index.php?rest_route=\/wp\/v2\/pages"}],"about":[{"href":"https:\/\/kita-schaftlach.de\/index.php?rest_route=\/wp\/v2\/types\/page"}],"author":[{"embeddable":true,"href":"https:\/\/kita-schaftlach.de\/index.php?rest_route=\/wp\/v2\/users\/2"}],"replies":[{"embeddable":true,"href":"https:\/\/kita-schaftlach.de\/index.php?rest_route=%2Fwp%2Fv2%2Fcomments&post=354"}],"version-history":[{"count":7,"href":"https:\/\/kita-schaftlach.de\/index.php?rest_route=\/wp\/v2\/pages\/354\/revisions"}],"predecessor-version":[{"id":1852,"href":"https:\/\/kita-schaftlach.de\/index.php?rest_route=\/wp\/v2\/pages\/354\/revisions\/1852"}],"wp:attachment":[{"href":"https:\/\/kita-schaftlach.de\/index.php?rest_route=%2Fwp%2Fv2%2Fmedia&parent=354"}],"curies":[{"name":"wp","href":"https:\/\/api.w.org\/{rel}","templated":true}]}}