{"id":352,"date":"2020-04-08T13:14:06","date_gmt":"2020-04-08T13:14:06","guid":{"rendered":"http:\/\/kita-schaftlach.de\/?page_id=352"},"modified":"2024-02-26T09:40:32","modified_gmt":"2024-02-26T09:40:32","slug":"eingewoehnung-und-uebergaenge-in-der-krippe","status":"publish","type":"page","link":"https:\/\/kita-schaftlach.de\/?page_id=352","title":{"rendered":"Eingew\u00f6hnung und \u00dcberg\u00e4nge in der Krippe"},"content":{"rendered":"<p><strong>\u00dcbergang und Eingew\u00f6hnung vom Elternhaus in die Krippe:<\/strong><\/p>\n<p>Die Krippe stellt den ersten \u00dcbergang in eine au\u00dferfamili\u00e4re Situation dar. Alle Beteiligten, Kinder, Eltern und p\u00e4dagogisches Personal, m\u00fcssen sich auf diese besondere Anforderung einstellen.<\/p>\n<p>Eine gute Vorbereitung erleichtert diesen Schritt und unterst\u00fctzt das gute Gelingen.<\/p>\n<ul>\n<li>Zun\u00e4chst werden die Eltern \u00fcber die Abl\u00e4ufe informiert und k\u00f6nnen in einem pers\u00f6nlichen Gespr\u00e4ch ihr Kind vorstellen, Vorlieben, St\u00e4rken, aber auch \u00c4ngste und Schw\u00e4chen beschreiben (z.B. am Schnuppertag).<\/li>\n<li>Zum vereinbarten Termin begleitet ein Elternteil das Kind f\u00fcr die ersten Tage. Der Zeitraum der Besuche wird individuell abgestimmt und richtet sich nach der Konstitution des Kindes. So wird es dem Kind erm\u00f6glicht seine ersten Erfahrungen zu machen und Kontakte zu kn\u00fcpfen. Wichtig ist dabei, dass der Elternteil als sicherer Hafen zu Verf\u00fcgung steht, aber nicht aktiv in das Geschehen eingreift. Um diese Basis und in der aktiven Beobachterrolle sein zu k\u00f6nnen, ist es sehr wichtig, z.B. nicht am Handy zu sein oder ein Buch zu lesen. Der eingew\u00f6hnende Elternteil muss dem Kind vermitteln \u201eIch bin da, wenn du mich brauchst, aber hab Spa\u00df, erkunde den Raum und lerne die anderen kennen!\u201c<\/li>\n<li>Eine Bezugsperson der Betreuer wird ausgesucht und steht im besonderen Ma\u00dfe f\u00fcr das Kind bereit, baut eine Beziehung auf und beobachtet es intensiv.<\/li>\n<li>Die erste Trennung erfolgt, wenn sich das Kind wohl f\u00fchlt und dauert zwischen 10 und 30 Minuten. Wichtig dabei ist eine bewusste Verabschiedung und dass die Eltern in der N\u00e4he bleiben, um das Kind eventuell abholen zu k\u00f6nnen. Das zeitliche Vorgehen wird auf das jeweilige Kind abgestimmt, dies kann sehr unterschiedlich ausfallen. So w\u00e4chst das Kind in den Krippenalltag hinein und fasst Vertrauen, entwickelt Freude und Interesse am Krippengeschehen. Feste Strukturen und Rituale geben den Kindern Halt und Sicherheit.<\/li>\n<li>Wichtig ist auch die Zusammenarbeit zwischen Eltern und Fachkr\u00e4ften. Alle Bedenken und Sorgen sollten sofort angesprochen und gekl\u00e4rt werden.<\/li>\n<\/ul>\n<p><u>\u00a0<\/u><\/p>\n<p><strong>\u00dcbergang und Eingew\u00f6hnung von der Krippe in den Kindergarten:<\/strong><\/p>\n<p>Hat das Kind die Krippe gut durchlaufen, ist der \u00dcbergang in den Kindergarten nicht mehr so gravierend. Alle Krippenkinder, die bis Ende September drei Jahre alt werden, m\u00fcssen in den Kindergarten wechseln. Alle anderen k\u00f6nnen, falls Pl\u00e4tze vorhanden sind, ggf. auch zu einem sp\u00e4teren Zeitpunkt wechseln. Im Januar\/ Februar gibt es dazu eine Buchungsabfrage f\u00fcr das kommende Kita-Jahr f\u00fcr alle Krippenkinder. Der Krippenplatz muss aktiv und rechtzeitig gek\u00fcndigt werden, falls das Kind nicht intern \u00fcbertreten soll.<\/p>\n<p>Vor den Sommerferien d\u00fcrfen die Kinder, die in den Kiga kommen, ihn stunden- und tageweise besuchen. Dabei lernen sie die Betreuer und R\u00e4umlichkeiten kennen, sodass sie nach den Sommerferien stolz und selbstverst\u00e4ndlich in den bereits bekannten Kindergarten wechseln. Au\u00dferdem werden den neuen Kindergartenkindern, gro\u00dfe (Vorschul-)Kinder zur Seite gestellt, die als Ansprechpartner und Unterst\u00fctzer dienen (Patenschaften). Falls ein Kind im Herbst noch eine kleine Unterst\u00fctzung seitens der Eltern ben\u00f6tigt, wird dies individuell in der Gruppe vereinbart.<\/p>\n","protected":false},"excerpt":{"rendered":"<p>\u00dcbergang und Eingew\u00f6hnung vom Elternhaus in die Krippe: Die Krippe stellt den ersten \u00dcbergang in eine au\u00dferfamili\u00e4re Situation dar. Alle Beteiligten, Kinder, Eltern und p\u00e4dagogisches Personal, m\u00fcssen sich auf diese besondere Anforderung einstellen. Eine gute Vorbereitung erleichtert diesen Schritt und unterst\u00fctzt das gute Gelingen. Zun\u00e4chst werden die Eltern \u00fcber die Abl\u00e4ufe informiert und k\u00f6nnen in &hellip; <\/p>\n<p class=\"link-more\"><a href=\"https:\/\/kita-schaftlach.de\/?page_id=352\" class=\"more-link\"><span class=\"screen-reader-text\">\u201eEingew\u00f6hnung und \u00dcberg\u00e4nge in der Krippe\u201c<\/span> weiterlesen<\/a><\/p>\n","protected":false},"author":2,"featured_media":0,"parent":0,"menu_order":0,"comment_status":"closed","ping_status":"closed","template":"","meta":{"footnotes":""},"class_list":["post-352","page","type-page","status-publish","hentry"],"_links":{"self":[{"href":"https:\/\/kita-schaftlach.de\/index.php?rest_route=\/wp\/v2\/pages\/352","targetHints":{"allow":["GET"]}}],"collection":[{"href":"https:\/\/kita-schaftlach.de\/index.php?rest_route=\/wp\/v2\/pages"}],"about":[{"href":"https:\/\/kita-schaftlach.de\/index.php?rest_route=\/wp\/v2\/types\/page"}],"author":[{"embeddable":true,"href":"https:\/\/kita-schaftlach.de\/index.php?rest_route=\/wp\/v2\/users\/2"}],"replies":[{"embeddable":true,"href":"https:\/\/kita-schaftlach.de\/index.php?rest_route=%2Fwp%2Fv2%2Fcomments&post=352"}],"version-history":[{"count":6,"href":"https:\/\/kita-schaftlach.de\/index.php?rest_route=\/wp\/v2\/pages\/352\/revisions"}],"predecessor-version":[{"id":1850,"href":"https:\/\/kita-schaftlach.de\/index.php?rest_route=\/wp\/v2\/pages\/352\/revisions\/1850"}],"wp:attachment":[{"href":"https:\/\/kita-schaftlach.de\/index.php?rest_route=%2Fwp%2Fv2%2Fmedia&parent=352"}],"curies":[{"name":"wp","href":"https:\/\/api.w.org\/{rel}","templated":true}]}}