{"id":349,"date":"2020-04-08T13:11:03","date_gmt":"2020-04-08T13:11:03","guid":{"rendered":"http:\/\/kita-schaftlach.de\/?page_id=349"},"modified":"2023-08-31T12:26:34","modified_gmt":"2023-08-31T12:26:34","slug":"lage-der-einrichtung","status":"publish","type":"page","link":"https:\/\/kita-schaftlach.de\/?page_id=349","title":{"rendered":"Lage der Einrichtung"},"content":{"rendered":"<p>Schaftlach ist ein Ortsteil der Gemeinde Waakirchen. Die Ortschaft liegt s\u00fcdlich von M\u00fcnchen und in N\u00e4he des Tegernsees. Die zentrale und verkehrsg\u00fcnstige Lage bietet f\u00fcr Familien ein angenehmes Umfeld.<\/p>\n<p>Die Einrichtung befindet sich am verkehrsberuhigten Ortsrand mit gen\u00fcgend Parkm\u00f6glichkeiten, umgeben von Wald und Wiesen. Der Bahnhof, Einkaufsm\u00f6glichkeiten und die Post sind fu\u00dfl\u00e4ufig erreichbar.<\/p>\n<p>Das Einzugsgebiet der Kita umfasst die komplette Gemeinde Waakirchen mit den Ortsteilen Piesenkam, Schaftlach, Krottenthal, Hauserd\u00f6rfel, Waakirchen, Marienstein und weiteren Ein\u00f6den und Weilern.<\/p>\n<p><img loading=\"lazy\" decoding=\"async\" class=\"alignleft size-large wp-image-741\" src=\"http:\/\/kita-schaftlach.de\/wp-content\/uploads\/2020\/07\/cropped-DJI_0400-scaled-2-1024x614.jpg\" alt=\"\" width=\"525\" height=\"315\" srcset=\"https:\/\/kita-schaftlach.de\/wp-content\/uploads\/2020\/07\/cropped-DJI_0400-scaled-2-1024x614.jpg 1024w, https:\/\/kita-schaftlach.de\/wp-content\/uploads\/2020\/07\/cropped-DJI_0400-scaled-2-300x180.jpg 300w, https:\/\/kita-schaftlach.de\/wp-content\/uploads\/2020\/07\/cropped-DJI_0400-scaled-2-768x461.jpg 768w, https:\/\/kita-schaftlach.de\/wp-content\/uploads\/2020\/07\/cropped-DJI_0400-scaled-2-1536x922.jpg 1536w, https:\/\/kita-schaftlach.de\/wp-content\/uploads\/2020\/07\/cropped-DJI_0400-scaled-2.jpg 2000w\" sizes=\"auto, (max-width: 525px) 100vw, 525px\" \/><\/p>\n","protected":false},"excerpt":{"rendered":"<p>Schaftlach ist ein Ortsteil der Gemeinde Waakirchen. Die Ortschaft liegt s\u00fcdlich von M\u00fcnchen und in N\u00e4he des Tegernsees. Die zentrale und verkehrsg\u00fcnstige Lage bietet f\u00fcr Familien ein angenehmes Umfeld. Die Einrichtung befindet sich am verkehrsberuhigten Ortsrand mit gen\u00fcgend Parkm\u00f6glichkeiten, umgeben von Wald und Wiesen. Der Bahnhof, Einkaufsm\u00f6glichkeiten und die Post sind fu\u00dfl\u00e4ufig erreichbar. Das Einzugsgebiet &hellip; <\/p>\n<p class=\"link-more\"><a href=\"https:\/\/kita-schaftlach.de\/?page_id=349\" class=\"more-link\"><span class=\"screen-reader-text\">\u201eLage der Einrichtung\u201c<\/span> weiterlesen<\/a><\/p>\n","protected":false},"author":2,"featured_media":0,"parent":0,"menu_order":0,"comment_status":"closed","ping_status":"closed","template":"","meta":{"footnotes":""},"class_list":["post-349","page","type-page","status-publish","hentry"],"_links":{"self":[{"href":"https:\/\/kita-schaftlach.de\/index.php?rest_route=\/wp\/v2\/pages\/349","targetHints":{"allow":["GET"]}}],"collection":[{"href":"https:\/\/kita-schaftlach.de\/index.php?rest_route=\/wp\/v2\/pages"}],"about":[{"href":"https:\/\/kita-schaftlach.de\/index.php?rest_route=\/wp\/v2\/types\/page"}],"author":[{"embeddable":true,"href":"https:\/\/kita-schaftlach.de\/index.php?rest_route=\/wp\/v2\/users\/2"}],"replies":[{"embeddable":true,"href":"https:\/\/kita-schaftlach.de\/index.php?rest_route=%2Fwp%2Fv2%2Fcomments&post=349"}],"version-history":[{"count":5,"href":"https:\/\/kita-schaftlach.de\/index.php?rest_route=\/wp\/v2\/pages\/349\/revisions"}],"predecessor-version":[{"id":1665,"href":"https:\/\/kita-schaftlach.de\/index.php?rest_route=\/wp\/v2\/pages\/349\/revisions\/1665"}],"wp:attachment":[{"href":"https:\/\/kita-schaftlach.de\/index.php?rest_route=%2Fwp%2Fv2%2Fmedia&parent=349"}],"curies":[{"name":"wp","href":"https:\/\/api.w.org\/{rel}","templated":true}]}}