{"id":327,"date":"2020-04-08T12:39:50","date_gmt":"2020-04-08T12:39:50","guid":{"rendered":"http:\/\/kita-schaftlach.de\/?page_id=327"},"modified":"2023-09-05T14:28:45","modified_gmt":"2023-09-05T14:28:45","slug":"bilder-kinderkrippe","status":"publish","type":"page","link":"https:\/\/kita-schaftlach.de\/?page_id=327","title":{"rendered":"Bilder Kinderkrippe"},"content":{"rendered":"<figure id=\"attachment_1687\" aria-describedby=\"caption-attachment-1687\" style=\"width: 525px\" class=\"wp-caption alignleft\"><img loading=\"lazy\" decoding=\"async\" class=\"size-large wp-image-1687\" src=\"http:\/\/kita-schaftlach.de\/wp-content\/uploads\/2023\/09\/DSC08410-1024x680.jpg\" alt=\"\" width=\"525\" height=\"349\" srcset=\"https:\/\/kita-schaftlach.de\/wp-content\/uploads\/2023\/09\/DSC08410-1024x680.jpg 1024w, https:\/\/kita-schaftlach.de\/wp-content\/uploads\/2023\/09\/DSC08410-300x199.jpg 300w, https:\/\/kita-schaftlach.de\/wp-content\/uploads\/2023\/09\/DSC08410-768x510.jpg 768w, https:\/\/kita-schaftlach.de\/wp-content\/uploads\/2023\/09\/DSC08410-1536x1021.jpg 1536w, https:\/\/kita-schaftlach.de\/wp-content\/uploads\/2023\/09\/DSC08410-2048x1361.jpg 2048w\" sizes=\"auto, (max-width: 525px) 100vw, 525px\" \/><figcaption id=\"caption-attachment-1687\" class=\"wp-caption-text\">Krippen-Geb\u00e4ude<\/figcaption><\/figure>\n<figure id=\"attachment_1683\" aria-describedby=\"caption-attachment-1683\" style=\"width: 525px\" class=\"wp-caption alignleft\"><img loading=\"lazy\" decoding=\"async\" class=\"size-large wp-image-1683\" src=\"http:\/\/kita-schaftlach.de\/wp-content\/uploads\/2023\/09\/DSC08407-1024x680.jpg\" alt=\"\" width=\"525\" height=\"349\" srcset=\"https:\/\/kita-schaftlach.de\/wp-content\/uploads\/2023\/09\/DSC08407-1024x680.jpg 1024w, https:\/\/kita-schaftlach.de\/wp-content\/uploads\/2023\/09\/DSC08407-300x199.jpg 300w, https:\/\/kita-schaftlach.de\/wp-content\/uploads\/2023\/09\/DSC08407-768x510.jpg 768w, https:\/\/kita-schaftlach.de\/wp-content\/uploads\/2023\/09\/DSC08407-1536x1021.jpg 1536w, https:\/\/kita-schaftlach.de\/wp-content\/uploads\/2023\/09\/DSC08407-2048x1361.jpg 2048w\" sizes=\"auto, (max-width: 525px) 100vw, 525px\" \/><figcaption id=\"caption-attachment-1683\" class=\"wp-caption-text\">Krippengarten<\/figcaption><\/figure>\n<figure id=\"attachment_876\" aria-describedby=\"caption-attachment-876\" style=\"width: 365px\" class=\"wp-caption alignleft\"><img loading=\"lazy\" decoding=\"async\" class=\"wp-image-876\" src=\"http:\/\/kita-schaftlach.de\/wp-content\/uploads\/2020\/11\/DSC06908-680x1024.jpg\" alt=\"\" width=\"365\" height=\"550\" srcset=\"https:\/\/kita-schaftlach.de\/wp-content\/uploads\/2020\/11\/DSC06908-680x1024.jpg 680w, https:\/\/kita-schaftlach.de\/wp-content\/uploads\/2020\/11\/DSC06908-199x300.jpg 199w, https:\/\/kita-schaftlach.de\/wp-content\/uploads\/2020\/11\/DSC06908-768x1156.jpg 768w, https:\/\/kita-schaftlach.de\/wp-content\/uploads\/2020\/11\/DSC06908-1361x2048.jpg 1361w, https:\/\/kita-schaftlach.de\/wp-content\/uploads\/2020\/11\/DSC06908-scaled.jpg 1701w\" sizes=\"auto, (max-width: 365px) 100vw, 365px\" \/><figcaption id=\"caption-attachment-876\" class=\"wp-caption-text\">Kinderbad<\/figcaption><\/figure>\n<figure id=\"attachment_877\" aria-describedby=\"caption-attachment-877\" style=\"width: 525px\" class=\"wp-caption alignleft\"><img loading=\"lazy\" decoding=\"async\" class=\"size-large wp-image-877\" src=\"http:\/\/kita-schaftlach.de\/wp-content\/uploads\/2020\/11\/DSC06910-1024x680.jpg\" alt=\"\" width=\"525\" height=\"349\" srcset=\"https:\/\/kita-schaftlach.de\/wp-content\/uploads\/2020\/11\/DSC06910-1024x680.jpg 1024w, https:\/\/kita-schaftlach.de\/wp-content\/uploads\/2020\/11\/DSC06910-300x199.jpg 300w, https:\/\/kita-schaftlach.de\/wp-content\/uploads\/2020\/11\/DSC06910-768x510.jpg 768w, https:\/\/kita-schaftlach.de\/wp-content\/uploads\/2020\/11\/DSC06910-2048x1361.jpg 2048w\" sizes=\"auto, (max-width: 525px) 100vw, 525px\" \/><figcaption id=\"caption-attachment-877\" class=\"wp-caption-text\">Traumhaft im Schlafraum<\/figcaption><\/figure>\n<figure id=\"attachment_841\" aria-describedby=\"caption-attachment-841\" style=\"width: 525px\" class=\"wp-caption alignleft\"><img loading=\"lazy\" decoding=\"async\" class=\"size-large wp-image-841\" src=\"http:\/\/kita-schaftlach.de\/wp-content\/uploads\/2020\/11\/DSC06897-1024x680.jpg\" alt=\"\" width=\"525\" height=\"349\" srcset=\"https:\/\/kita-schaftlach.de\/wp-content\/uploads\/2020\/11\/DSC06897-1024x680.jpg 1024w, https:\/\/kita-schaftlach.de\/wp-content\/uploads\/2020\/11\/DSC06897-300x199.jpg 300w, https:\/\/kita-schaftlach.de\/wp-content\/uploads\/2020\/11\/DSC06897-768x510.jpg 768w, https:\/\/kita-schaftlach.de\/wp-content\/uploads\/2020\/11\/DSC06897-2048x1361.jpg 2048w\" sizes=\"auto, (max-width: 525px) 100vw, 525px\" \/><figcaption id=\"caption-attachment-841\" class=\"wp-caption-text\">Der Spielflur und die Garderoben dienen als Galerien f\u00fcr Kunstwerke und f\u00fcr die Elterninformation an Pinnw\u00e4nden<\/figcaption><\/figure>\n<p>&nbsp;<\/p>\n<p>&nbsp;<\/p>\n<p>&nbsp;<\/p>\n<p>&nbsp;<\/p>\n<p>&nbsp;<\/p>\n<figure id=\"attachment_845\" aria-describedby=\"caption-attachment-845\" style=\"width: 344px\" class=\"wp-caption alignleft\"><img loading=\"lazy\" decoding=\"async\" class=\"wp-image-845\" src=\"http:\/\/kita-schaftlach.de\/wp-content\/uploads\/2020\/11\/DSC06893-640x1024.jpg\" alt=\"\" width=\"344\" height=\"550\" srcset=\"https:\/\/kita-schaftlach.de\/wp-content\/uploads\/2020\/11\/DSC06893-640x1024.jpg 640w, https:\/\/kita-schaftlach.de\/wp-content\/uploads\/2020\/11\/DSC06893-187x300.jpg 187w, https:\/\/kita-schaftlach.de\/wp-content\/uploads\/2020\/11\/DSC06893-768x1229.jpg 768w, https:\/\/kita-schaftlach.de\/wp-content\/uploads\/2020\/11\/DSC06893-1279x2048.jpg 1279w, https:\/\/kita-schaftlach.de\/wp-content\/uploads\/2020\/11\/DSC06893-scaled.jpg 1599w\" sizes=\"auto, (max-width: 344px) 100vw, 344px\" \/><figcaption id=\"caption-attachment-845\" class=\"wp-caption-text\">Brotzeit ist de scheenste Zeit<\/figcaption><\/figure>\n<p>&nbsp;<\/p>\n<p>&nbsp;<\/p>\n<p>&nbsp;<\/p>\n<p>&nbsp;<\/p>\n<figure id=\"attachment_834\" aria-describedby=\"caption-attachment-834\" style=\"width: 525px\" class=\"wp-caption alignleft\"><img loading=\"lazy\" decoding=\"async\" class=\"wp-image-834 size-large\" src=\"http:\/\/kita-schaftlach.de\/wp-content\/uploads\/2020\/11\/DSC06875-1024x680.jpg\" alt=\"\" width=\"525\" height=\"349\" srcset=\"https:\/\/kita-schaftlach.de\/wp-content\/uploads\/2020\/11\/DSC06875-1024x680.jpg 1024w, https:\/\/kita-schaftlach.de\/wp-content\/uploads\/2020\/11\/DSC06875-300x199.jpg 300w, https:\/\/kita-schaftlach.de\/wp-content\/uploads\/2020\/11\/DSC06875-768x510.jpg 768w, https:\/\/kita-schaftlach.de\/wp-content\/uploads\/2020\/11\/DSC06875-2048x1361.jpg 2048w\" sizes=\"auto, (max-width: 525px) 100vw, 525px\" \/><figcaption id=\"caption-attachment-834\" class=\"wp-caption-text\">Viel zu entdecken bei den Erdm\u00e4nnchen<\/figcaption><\/figure>\n<figure id=\"attachment_835\" aria-describedby=\"caption-attachment-835\" style=\"width: 525px\" class=\"wp-caption alignleft\"><img loading=\"lazy\" decoding=\"async\" class=\"size-large wp-image-835\" src=\"http:\/\/kita-schaftlach.de\/wp-content\/uploads\/2020\/11\/DSC06876-1024x680.jpg\" alt=\"\" width=\"525\" height=\"349\" srcset=\"https:\/\/kita-schaftlach.de\/wp-content\/uploads\/2020\/11\/DSC06876-1024x680.jpg 1024w, https:\/\/kita-schaftlach.de\/wp-content\/uploads\/2020\/11\/DSC06876-300x199.jpg 300w, https:\/\/kita-schaftlach.de\/wp-content\/uploads\/2020\/11\/DSC06876-768x510.jpg 768w, https:\/\/kita-schaftlach.de\/wp-content\/uploads\/2020\/11\/DSC06876-2048x1361.jpg 2048w\" sizes=\"auto, (max-width: 525px) 100vw, 525px\" \/><figcaption id=\"caption-attachment-835\" class=\"wp-caption-text\">&#8222;Fr\u00fch \u00fcbt sich&#8230;&#8220; Rollenspiel bei den Erdm\u00e4nnchen<\/figcaption><\/figure>\n<figure id=\"attachment_840\" aria-describedby=\"caption-attachment-840\" style=\"width: 525px\" class=\"wp-caption alignleft\"><img loading=\"lazy\" decoding=\"async\" class=\"size-large wp-image-840\" src=\"http:\/\/kita-schaftlach.de\/wp-content\/uploads\/2020\/11\/DSC06896-1024x680.jpg\" alt=\"\" width=\"525\" height=\"349\" srcset=\"https:\/\/kita-schaftlach.de\/wp-content\/uploads\/2020\/11\/DSC06896-1024x680.jpg 1024w, https:\/\/kita-schaftlach.de\/wp-content\/uploads\/2020\/11\/DSC06896-300x199.jpg 300w, https:\/\/kita-schaftlach.de\/wp-content\/uploads\/2020\/11\/DSC06896-768x510.jpg 768w, https:\/\/kita-schaftlach.de\/wp-content\/uploads\/2020\/11\/DSC06896-2048x1361.jpg 2048w\" sizes=\"auto, (max-width: 525px) 100vw, 525px\" \/><figcaption id=\"caption-attachment-840\" class=\"wp-caption-text\">&#8230; das Motto unserer kleinen und gro\u00dfen Erdm\u00e4nnchen<\/figcaption><\/figure>\n<figure id=\"attachment_850\" aria-describedby=\"caption-attachment-850\" style=\"width: 364px\" class=\"wp-caption alignleft\"><img loading=\"lazy\" decoding=\"async\" class=\"wp-image-850\" src=\"http:\/\/kita-schaftlach.de\/wp-content\/uploads\/2020\/11\/DSC06898-932x1024.jpg\" alt=\"\" width=\"364\" height=\"400\" srcset=\"https:\/\/kita-schaftlach.de\/wp-content\/uploads\/2020\/11\/DSC06898-932x1024.jpg 932w, https:\/\/kita-schaftlach.de\/wp-content\/uploads\/2020\/11\/DSC06898-273x300.jpg 273w, https:\/\/kita-schaftlach.de\/wp-content\/uploads\/2020\/11\/DSC06898-768x844.jpg 768w, https:\/\/kita-schaftlach.de\/wp-content\/uploads\/2020\/11\/DSC06898-1398x1536.jpg 1398w, https:\/\/kita-schaftlach.de\/wp-content\/uploads\/2020\/11\/DSC06898-1865x2048.jpg 1865w\" sizes=\"auto, (max-width: 364px) 100vw, 364px\" \/><figcaption id=\"caption-attachment-850\" class=\"wp-caption-text\">Willkommen bei den Maulw\u00fcrfen&#8230;<\/figcaption><\/figure>\n<figure id=\"attachment_836\" aria-describedby=\"caption-attachment-836\" style=\"width: 525px\" class=\"wp-caption alignleft\"><img loading=\"lazy\" decoding=\"async\" class=\"size-large wp-image-836\" src=\"http:\/\/kita-schaftlach.de\/wp-content\/uploads\/2020\/11\/DSC06878-1024x680.jpg\" alt=\"\" width=\"525\" height=\"349\" srcset=\"https:\/\/kita-schaftlach.de\/wp-content\/uploads\/2020\/11\/DSC06878-1024x680.jpg 1024w, https:\/\/kita-schaftlach.de\/wp-content\/uploads\/2020\/11\/DSC06878-300x199.jpg 300w, https:\/\/kita-schaftlach.de\/wp-content\/uploads\/2020\/11\/DSC06878-768x510.jpg 768w, https:\/\/kita-schaftlach.de\/wp-content\/uploads\/2020\/11\/DSC06878-2048x1361.jpg 2048w\" sizes=\"auto, (max-width: 525px) 100vw, 525px\" \/><figcaption id=\"caption-attachment-836\" class=\"wp-caption-text\">&#8230; hereinspaziert und los geht&#8217;s!<\/figcaption><\/figure>\n<figure id=\"attachment_837\" aria-describedby=\"caption-attachment-837\" style=\"width: 525px\" class=\"wp-caption alignleft\"><img loading=\"lazy\" decoding=\"async\" class=\"size-large wp-image-837\" src=\"http:\/\/kita-schaftlach.de\/wp-content\/uploads\/2020\/11\/DSC06886-1024x680.jpg\" alt=\"\" width=\"525\" height=\"349\" srcset=\"https:\/\/kita-schaftlach.de\/wp-content\/uploads\/2020\/11\/DSC06886-1024x680.jpg 1024w, https:\/\/kita-schaftlach.de\/wp-content\/uploads\/2020\/11\/DSC06886-300x199.jpg 300w, https:\/\/kita-schaftlach.de\/wp-content\/uploads\/2020\/11\/DSC06886-768x510.jpg 768w, https:\/\/kita-schaftlach.de\/wp-content\/uploads\/2020\/11\/DSC06886-2048x1361.jpg 2048w\" sizes=\"auto, (max-width: 525px) 100vw, 525px\" \/><figcaption id=\"caption-attachment-837\" class=\"wp-caption-text\">&#8222;Was wollen wir denn heute kochen?&#8220; Rollenspiel bei den Maulw\u00fcrfen<\/figcaption><\/figure>\n<figure id=\"attachment_838\" aria-describedby=\"caption-attachment-838\" style=\"width: 525px\" class=\"wp-caption alignleft\"><img loading=\"lazy\" decoding=\"async\" class=\"size-large wp-image-838\" src=\"http:\/\/kita-schaftlach.de\/wp-content\/uploads\/2020\/11\/DSC06890-1024x680.jpg\" alt=\"\" width=\"525\" height=\"349\" srcset=\"https:\/\/kita-schaftlach.de\/wp-content\/uploads\/2020\/11\/DSC06890-1024x680.jpg 1024w, https:\/\/kita-schaftlach.de\/wp-content\/uploads\/2020\/11\/DSC06890-300x199.jpg 300w, https:\/\/kita-schaftlach.de\/wp-content\/uploads\/2020\/11\/DSC06890-768x510.jpg 768w, https:\/\/kita-schaftlach.de\/wp-content\/uploads\/2020\/11\/DSC06890-2048x1361.jpg 2048w\" sizes=\"auto, (max-width: 525px) 100vw, 525px\" \/><figcaption id=\"caption-attachment-838\" class=\"wp-caption-text\">&#8230; ja wer spitzt denn da heraus&#8230;<\/figcaption><\/figure>\n<figure id=\"attachment_851\" aria-describedby=\"caption-attachment-851\" style=\"width: 525px\" class=\"wp-caption alignleft\"><img loading=\"lazy\" decoding=\"async\" class=\"size-large wp-image-851\" src=\"http:\/\/kita-schaftlach.de\/wp-content\/uploads\/2020\/11\/DSC06900-1024x753.jpg\" alt=\"\" width=\"525\" height=\"386\" srcset=\"https:\/\/kita-schaftlach.de\/wp-content\/uploads\/2020\/11\/DSC06900-1024x753.jpg 1024w, https:\/\/kita-schaftlach.de\/wp-content\/uploads\/2020\/11\/DSC06900-300x221.jpg 300w, https:\/\/kita-schaftlach.de\/wp-content\/uploads\/2020\/11\/DSC06900-768x565.jpg 768w, https:\/\/kita-schaftlach.de\/wp-content\/uploads\/2020\/11\/DSC06900-1536x1130.jpg 1536w, https:\/\/kita-schaftlach.de\/wp-content\/uploads\/2020\/11\/DSC06900-2048x1507.jpg 2048w\" sizes=\"auto, (max-width: 525px) 100vw, 525px\" \/><figcaption id=\"caption-attachment-851\" class=\"wp-caption-text\">Was ist denn bei den Hasen los? Mal schauen&#8230;<\/figcaption><\/figure>\n<figure id=\"attachment_1684\" aria-describedby=\"caption-attachment-1684\" style=\"width: 525px\" class=\"wp-caption alignleft\"><img loading=\"lazy\" decoding=\"async\" class=\"size-large wp-image-1684\" src=\"http:\/\/kita-schaftlach.de\/wp-content\/uploads\/2023\/09\/DSC08385-1024x680.jpg\" alt=\"\" width=\"525\" height=\"349\" srcset=\"https:\/\/kita-schaftlach.de\/wp-content\/uploads\/2023\/09\/DSC08385-1024x680.jpg 1024w, https:\/\/kita-schaftlach.de\/wp-content\/uploads\/2023\/09\/DSC08385-300x199.jpg 300w, https:\/\/kita-schaftlach.de\/wp-content\/uploads\/2023\/09\/DSC08385-768x510.jpg 768w, https:\/\/kita-schaftlach.de\/wp-content\/uploads\/2023\/09\/DSC08385-1536x1021.jpg 1536w, https:\/\/kita-schaftlach.de\/wp-content\/uploads\/2023\/09\/DSC08385-2048x1361.jpg 2048w\" sizes=\"auto, (max-width: 525px) 100vw, 525px\" \/><figcaption id=\"caption-attachment-1684\" class=\"wp-caption-text\">\u2026 kunterbuntes Allerlei \u2013 die Hasengruppe mit Spielpodest<\/figcaption><\/figure>\n<figure id=\"attachment_1685\" aria-describedby=\"caption-attachment-1685\" style=\"width: 525px\" class=\"wp-caption alignleft\"><img loading=\"lazy\" decoding=\"async\" class=\"size-large wp-image-1685\" src=\"http:\/\/kita-schaftlach.de\/wp-content\/uploads\/2023\/09\/DSC08380-1024x680.jpg\" alt=\"\" width=\"525\" height=\"349\" srcset=\"https:\/\/kita-schaftlach.de\/wp-content\/uploads\/2023\/09\/DSC08380-1024x680.jpg 1024w, https:\/\/kita-schaftlach.de\/wp-content\/uploads\/2023\/09\/DSC08380-300x199.jpg 300w, https:\/\/kita-schaftlach.de\/wp-content\/uploads\/2023\/09\/DSC08380-768x510.jpg 768w, https:\/\/kita-schaftlach.de\/wp-content\/uploads\/2023\/09\/DSC08380-1536x1021.jpg 1536w, https:\/\/kita-schaftlach.de\/wp-content\/uploads\/2023\/09\/DSC08380-2048x1361.jpg 2048w\" sizes=\"auto, (max-width: 525px) 100vw, 525px\" \/><figcaption id=\"caption-attachment-1685\" class=\"wp-caption-text\">Noch einen Kuchen f\u00fcr die Puppe backen?<\/figcaption><\/figure>\n<figure id=\"attachment_1686\" aria-describedby=\"caption-attachment-1686\" style=\"width: 525px\" class=\"wp-caption alignleft\"><img loading=\"lazy\" decoding=\"async\" class=\"size-large wp-image-1686\" src=\"http:\/\/kita-schaftlach.de\/wp-content\/uploads\/2023\/09\/DSC08384-1024x680.jpg\" alt=\"\" width=\"525\" height=\"349\" srcset=\"https:\/\/kita-schaftlach.de\/wp-content\/uploads\/2023\/09\/DSC08384-1024x680.jpg 1024w, https:\/\/kita-schaftlach.de\/wp-content\/uploads\/2023\/09\/DSC08384-300x199.jpg 300w, https:\/\/kita-schaftlach.de\/wp-content\/uploads\/2023\/09\/DSC08384-768x510.jpg 768w, https:\/\/kita-schaftlach.de\/wp-content\/uploads\/2023\/09\/DSC08384-1536x1021.jpg 1536w, https:\/\/kita-schaftlach.de\/wp-content\/uploads\/2023\/09\/DSC08384-2048x1361.jpg 2048w\" sizes=\"auto, (max-width: 525px) 100vw, 525px\" \/><figcaption id=\"caption-attachment-1686\" class=\"wp-caption-text\">Wir stehen jederzeit f\u00fcr eine kleine M\u00e4rchenstunde parat..<\/figcaption><\/figure>\n<p>&nbsp;<\/p>\n<p>&nbsp;<\/p>\n<p>&nbsp;<\/p>\n<p>&nbsp;<\/p>\n<p>&nbsp;<\/p>\n<p>&nbsp;<\/p>\n","protected":false},"excerpt":{"rendered":"<p>&nbsp; &nbsp; &nbsp; &nbsp; &nbsp; &nbsp; &nbsp; &nbsp; &nbsp; &nbsp; &nbsp; &nbsp; &nbsp; &nbsp; &nbsp;<\/p>\n","protected":false},"author":2,"featured_media":0,"parent":0,"menu_order":0,"comment_status":"closed","ping_status":"closed","template":"","meta":{"footnotes":""},"class_list":["post-327","page","type-page","status-publish","hentry"],"_links":{"self":[{"href":"https:\/\/kita-schaftlach.de\/index.php?rest_route=\/wp\/v2\/pages\/327","targetHints":{"allow":["GET"]}}],"collection":[{"href":"https:\/\/kita-schaftlach.de\/index.php?rest_route=\/wp\/v2\/pages"}],"about":[{"href":"https:\/\/kita-schaftlach.de\/index.php?rest_route=\/wp\/v2\/types\/page"}],"author":[{"embeddable":true,"href":"https:\/\/kita-schaftlach.de\/index.php?rest_route=\/wp\/v2\/users\/2"}],"replies":[{"embeddable":true,"href":"https:\/\/kita-schaftlach.de\/index.php?rest_route=%2Fwp%2Fv2%2Fcomments&post=327"}],"version-history":[{"count":19,"href":"https:\/\/kita-schaftlach.de\/index.php?rest_route=\/wp\/v2\/pages\/327\/revisions"}],"predecessor-version":[{"id":1690,"href":"https:\/\/kita-schaftlach.de\/index.php?rest_route=\/wp\/v2\/pages\/327\/revisions\/1690"}],"wp:attachment":[{"href":"https:\/\/kita-schaftlach.de\/index.php?rest_route=%2Fwp%2Fv2%2Fmedia&parent=327"}],"curies":[{"name":"wp","href":"https:\/\/api.w.org\/{rel}","templated":true}]}}