{"id":277,"date":"2020-04-02T13:06:27","date_gmt":"2020-04-02T13:06:27","guid":{"rendered":"http:\/\/kita-schaftlach.de\/?page_id=277"},"modified":"2024-02-26T09:28:07","modified_gmt":"2024-02-26T09:28:07","slug":"unser-haus-fuer-kinder","status":"publish","type":"page","link":"https:\/\/kita-schaftlach.de\/?page_id=277","title":{"rendered":"Unser Haus f\u00fcr Kinder"},"content":{"rendered":"<p><a href=\"http:\/\/kita-schaftlach.de\/?page_id=203\">Unser Haus f\u00fcr Kinder<\/a><\/p>\n<p><a href=\"http:\/\/kita-schaftlach.de\/?page_id=486\">Personalstruktur im Haus f\u00fcr Kinder<\/a><\/p>\n<p><a href=\"http:\/\/kita-schaftlach.de\/?page_id=349\">Lage der Einrichtung<\/a><\/p>\n<p><a href=\"http:\/\/kita-schaftlach.de\/?page_id=169\">Geschichte der Einrichtung<\/a><\/p>\n<p><a href=\"https:\/\/kita-schaftlach.de\/?page_id=1241\">Spendenaktion f\u00fcr Sternstunden<\/a><\/p>\n<p><a href=\"http:\/\/kita-schaftlach.de\/?page_id=899\">Die wilden Bienchen von Waakirchen\/Schaftlach<\/a><\/p>\n<p><a href=\"http:\/\/kita-schaftlach.de\/?page_id=621\">Englisch ab ca. 3 Jahren (Kursangebot)<\/a><\/p>\n<p><a href=\"http:\/\/kita-schaftlach.de\/?page_id=894\">Musikalische Fr\u00fcherziehung ab 4 Jahren (Kursangebot)<\/a><\/p>\n<p><a href=\"http:\/\/kita-schaftlach.de\/?page_id=273\">Galerie<\/a><\/p>\n<p><img loading=\"lazy\" decoding=\"async\" class=\"size-medium wp-image-113 aligncenter\" src=\"http:\/\/kita-schaftlach.de\/wp-content\/uploads\/2019\/08\/Haus-f\u00fcr-Kinder-Internet-300x300.jpg\" alt=\"\" width=\"300\" height=\"300\" srcset=\"https:\/\/kita-schaftlach.de\/wp-content\/uploads\/2019\/08\/Haus-f\u00fcr-Kinder-Internet-300x300.jpg 300w, https:\/\/kita-schaftlach.de\/wp-content\/uploads\/2019\/08\/Haus-f\u00fcr-Kinder-Internet-150x150.jpg 150w, https:\/\/kita-schaftlach.de\/wp-content\/uploads\/2019\/08\/Haus-f\u00fcr-Kinder-Internet-100x100.jpg 100w, https:\/\/kita-schaftlach.de\/wp-content\/uploads\/2019\/08\/Haus-f\u00fcr-Kinder-Internet.jpg 659w\" sizes=\"auto, (max-width: 300px) 100vw, 300px\" \/><\/p>\n","protected":false},"excerpt":{"rendered":"<p>Unser Haus f\u00fcr Kinder Personalstruktur im Haus f\u00fcr Kinder Lage der Einrichtung Geschichte der Einrichtung Spendenaktion f\u00fcr Sternstunden Die wilden Bienchen von Waakirchen\/Schaftlach Englisch ab ca. 3 Jahren (Kursangebot) Musikalische Fr\u00fcherziehung ab 4 Jahren (Kursangebot) Galerie<\/p>\n","protected":false},"author":2,"featured_media":0,"parent":0,"menu_order":0,"comment_status":"closed","ping_status":"closed","template":"","meta":{"footnotes":""},"class_list":["post-277","page","type-page","status-publish","hentry"],"_links":{"self":[{"href":"https:\/\/kita-schaftlach.de\/index.php?rest_route=\/wp\/v2\/pages\/277","targetHints":{"allow":["GET"]}}],"collection":[{"href":"https:\/\/kita-schaftlach.de\/index.php?rest_route=\/wp\/v2\/pages"}],"about":[{"href":"https:\/\/kita-schaftlach.de\/index.php?rest_route=\/wp\/v2\/types\/page"}],"author":[{"embeddable":true,"href":"https:\/\/kita-schaftlach.de\/index.php?rest_route=\/wp\/v2\/users\/2"}],"replies":[{"embeddable":true,"href":"https:\/\/kita-schaftlach.de\/index.php?rest_route=%2Fwp%2Fv2%2Fcomments&post=277"}],"version-history":[{"count":12,"href":"https:\/\/kita-schaftlach.de\/index.php?rest_route=\/wp\/v2\/pages\/277\/revisions"}],"predecessor-version":[{"id":1844,"href":"https:\/\/kita-schaftlach.de\/index.php?rest_route=\/wp\/v2\/pages\/277\/revisions\/1844"}],"wp:attachment":[{"href":"https:\/\/kita-schaftlach.de\/index.php?rest_route=%2Fwp%2Fv2%2Fmedia&parent=277"}],"curies":[{"name":"wp","href":"https:\/\/api.w.org\/{rel}","templated":true}]}}