{"id":26,"date":"2019-04-16T09:01:01","date_gmt":"2019-04-16T09:01:01","guid":{"rendered":"http:\/\/kita-schaftlach.de\/?page_id=26"},"modified":"2024-02-26T09:32:28","modified_gmt":"2024-02-26T09:32:28","slug":"oeffnungszeiten","status":"publish","type":"page","link":"https:\/\/kita-schaftlach.de\/?page_id=26","title":{"rendered":"\u00d6ffnungszeiten Kindergarten"},"content":{"rendered":"\r\n<p><strong>Montag bis Donnerstag\u00a0\u00a0\u00a0\u00a0\u00a0\u00a0\u00a0\u00a0\u00a0\u00a0\u00a0\u00a0\u00a0\u00a0 7.00 &#8211;\u00a0 16.30 Uhr <\/strong><br \/><strong>Freitag\u00a0\u00a0\u00a0\u00a0\u00a0\u00a0\u00a0\u00a0\u00a0\u00a0\u00a0\u00a0\u00a0\u00a0\u00a0\u00a0\u00a0\u00a0\u00a0\u00a0\u00a0\u00a0\u00a0\u00a0\u00a0\u00a0\u00a0\u00a0\u00a0\u00a0\u00a0\u00a0\u00a0\u00a0\u00a0\u00a0\u00a0\u00a0\u00a0\u00a0\u00a0\u00a0\u00a0\u00a0\u00a0\u00a0\u00a0\u00a0\u00a0\u00a0 \u00a0\u00a0 7.00 &#8211;\u00a0 15.00 Uhr<\/strong><\/p>\r\n\r\n\r\n\r\n<p>Die Kernzeit im Kindergarten ist von 8:30 bis 12:30 Uhr. In vier Gruppen \u2013 den Spatzen, Eulen, Bibern und Bambis \u2013 werden je 25 Kinder von insgesamt vier Erzieherinnen und f\u00fcnf Kinderpflegerinnen, unter der Leitung von Magdalena K\u00f6stler, betreut.<\/p>\r\n\r\n\r\n\r\n<p>Die Schlie\u00dftage der Kindertagesst\u00e4tte werden rechtzeitig bekannt gegeben und k\u00f6nnen bis zu 30 Tage im Abrechnungsjahr (Jan. \u2013 Dez.) und bis zu f\u00fcnf Fortbildungstage beinhalten. In der Regel ist die Einrichtung im August drei Wochen geschlossen, an Br\u00fcckentagen und zwischen Weihnachten und Heilig drei K\u00f6nig.<\/p>\r\n","protected":false},"excerpt":{"rendered":"<p>Montag bis Donnerstag\u00a0\u00a0\u00a0\u00a0\u00a0\u00a0\u00a0\u00a0\u00a0\u00a0\u00a0\u00a0\u00a0\u00a0 7.00 &#8211;\u00a0 16.30 Uhr Freitag\u00a0\u00a0\u00a0\u00a0\u00a0\u00a0\u00a0\u00a0\u00a0\u00a0\u00a0\u00a0\u00a0\u00a0\u00a0\u00a0\u00a0\u00a0\u00a0\u00a0\u00a0\u00a0\u00a0\u00a0\u00a0\u00a0\u00a0\u00a0\u00a0\u00a0\u00a0\u00a0\u00a0\u00a0\u00a0\u00a0\u00a0\u00a0\u00a0\u00a0\u00a0\u00a0\u00a0\u00a0\u00a0\u00a0\u00a0\u00a0\u00a0\u00a0 \u00a0\u00a0 7.00 &#8211;\u00a0 15.00 Uhr Die Kernzeit im Kindergarten ist von 8:30 bis 12:30 Uhr. In vier Gruppen \u2013 den Spatzen, Eulen, Bibern und Bambis \u2013 werden je 25 Kinder von insgesamt vier Erzieherinnen und f\u00fcnf Kinderpflegerinnen, unter der Leitung von Magdalena K\u00f6stler, betreut. Die Schlie\u00dftage der &hellip; <\/p>\n<p class=\"link-more\"><a href=\"https:\/\/kita-schaftlach.de\/?page_id=26\" class=\"more-link\"><span class=\"screen-reader-text\">\u201e\u00d6ffnungszeiten Kindergarten\u201c<\/span> weiterlesen<\/a><\/p>\n","protected":false},"author":1,"featured_media":0,"parent":0,"menu_order":0,"comment_status":"closed","ping_status":"closed","template":"","meta":{"footnotes":""},"class_list":["post-26","page","type-page","status-publish","hentry"],"_links":{"self":[{"href":"https:\/\/kita-schaftlach.de\/index.php?rest_route=\/wp\/v2\/pages\/26","targetHints":{"allow":["GET"]}}],"collection":[{"href":"https:\/\/kita-schaftlach.de\/index.php?rest_route=\/wp\/v2\/pages"}],"about":[{"href":"https:\/\/kita-schaftlach.de\/index.php?rest_route=\/wp\/v2\/types\/page"}],"author":[{"embeddable":true,"href":"https:\/\/kita-schaftlach.de\/index.php?rest_route=\/wp\/v2\/users\/1"}],"replies":[{"embeddable":true,"href":"https:\/\/kita-schaftlach.de\/index.php?rest_route=%2Fwp%2Fv2%2Fcomments&post=26"}],"version-history":[{"count":7,"href":"https:\/\/kita-schaftlach.de\/index.php?rest_route=\/wp\/v2\/pages\/26\/revisions"}],"predecessor-version":[{"id":1845,"href":"https:\/\/kita-schaftlach.de\/index.php?rest_route=\/wp\/v2\/pages\/26\/revisions\/1845"}],"wp:attachment":[{"href":"https:\/\/kita-schaftlach.de\/index.php?rest_route=%2Fwp%2Fv2%2Fmedia&parent=26"}],"curies":[{"name":"wp","href":"https:\/\/api.w.org\/{rel}","templated":true}]}}