{"id":23,"date":"2019-04-16T08:53:07","date_gmt":"2019-04-16T08:53:07","guid":{"rendered":"http:\/\/kita-schaftlach.de\/?page_id=23"},"modified":"2020-04-02T14:03:59","modified_gmt":"2020-04-02T14:03:59","slug":"schulkindbetreuung","status":"publish","type":"page","link":"https:\/\/kita-schaftlach.de\/?page_id=23","title":{"rendered":"Hort"},"content":{"rendered":"<p>Der Schwerpunkt unserer Einrichtung ist die Hausaufgabenbetreuung. Aber nat\u00fcrlich d\u00fcrfen auch Spielen, Lesen, Malen, Essen, Ausruhen, Bauen, Turnen, Lachen und Toben nicht zu kurz kommen! Unser Hauptanliegen ist es, einen Rahmen zu schaffen, in dem alle Kinder sich wohlf\u00fchlen k\u00f6nnen. Wir begleiten die Kinder ein St\u00fcck weit auf Ihrem Lebensweg und bilden als familienerg\u00e4nzende Einrichtung eine Bildungs- und Erziehungspartnerschaft mit Ihnen, den Eltern.<br \/>\nIn diesem Sinne, freuen wir uns auf eine gute Zusammenarbeit, zum Wohl des Kindes.<\/p>\n<p><img loading=\"lazy\" decoding=\"async\" class=\"size-medium wp-image-105 aligncenter\" src=\"http:\/\/kita-schaftlach.de\/wp-content\/uploads\/2019\/08\/Schukischawa-Logo-rgb-300x187.jpg\" alt=\"\" width=\"300\" height=\"187\" srcset=\"https:\/\/kita-schaftlach.de\/wp-content\/uploads\/2019\/08\/Schukischawa-Logo-rgb-300x187.jpg 300w, https:\/\/kita-schaftlach.de\/wp-content\/uploads\/2019\/08\/Schukischawa-Logo-rgb-768x479.jpg 768w, https:\/\/kita-schaftlach.de\/wp-content\/uploads\/2019\/08\/Schukischawa-Logo-rgb.jpg 778w\" sizes=\"auto, (max-width: 300px) 100vw, 300px\" \/><\/p>\n","protected":false},"excerpt":{"rendered":"<p>Der Schwerpunkt unserer Einrichtung ist die Hausaufgabenbetreuung. Aber nat\u00fcrlich d\u00fcrfen auch Spielen, Lesen, Malen, Essen, Ausruhen, Bauen, Turnen, Lachen und Toben nicht zu kurz kommen! Unser Hauptanliegen ist es, einen Rahmen zu schaffen, in dem alle Kinder sich wohlf\u00fchlen k\u00f6nnen. Wir begleiten die Kinder ein St\u00fcck weit auf Ihrem Lebensweg und bilden als familienerg\u00e4nzende Einrichtung &hellip; <\/p>\n<p class=\"link-more\"><a href=\"https:\/\/kita-schaftlach.de\/?page_id=23\" class=\"more-link\"><span class=\"screen-reader-text\">\u201eHort\u201c<\/span> weiterlesen<\/a><\/p>\n","protected":false},"author":1,"featured_media":0,"parent":0,"menu_order":0,"comment_status":"closed","ping_status":"closed","template":"","meta":{"footnotes":""},"class_list":["post-23","page","type-page","status-publish","hentry"],"_links":{"self":[{"href":"https:\/\/kita-schaftlach.de\/index.php?rest_route=\/wp\/v2\/pages\/23","targetHints":{"allow":["GET"]}}],"collection":[{"href":"https:\/\/kita-schaftlach.de\/index.php?rest_route=\/wp\/v2\/pages"}],"about":[{"href":"https:\/\/kita-schaftlach.de\/index.php?rest_route=\/wp\/v2\/types\/page"}],"author":[{"embeddable":true,"href":"https:\/\/kita-schaftlach.de\/index.php?rest_route=\/wp\/v2\/users\/1"}],"replies":[{"embeddable":true,"href":"https:\/\/kita-schaftlach.de\/index.php?rest_route=%2Fwp%2Fv2%2Fcomments&post=23"}],"version-history":[{"count":9,"href":"https:\/\/kita-schaftlach.de\/index.php?rest_route=\/wp\/v2\/pages\/23\/revisions"}],"predecessor-version":[{"id":302,"href":"https:\/\/kita-schaftlach.de\/index.php?rest_route=\/wp\/v2\/pages\/23\/revisions\/302"}],"wp:attachment":[{"href":"https:\/\/kita-schaftlach.de\/index.php?rest_route=%2Fwp%2Fv2%2Fmedia&parent=23"}],"curies":[{"name":"wp","href":"https:\/\/api.w.org\/{rel}","templated":true}]}}