{"id":203,"date":"2020-03-26T15:02:05","date_gmt":"2020-03-26T15:02:05","guid":{"rendered":"http:\/\/kita-schaftlach.de\/?page_id=203"},"modified":"2024-02-26T09:25:43","modified_gmt":"2024-02-26T09:25:43","slug":"wir-stellen-uns-vor","status":"publish","type":"page","link":"https:\/\/kita-schaftlach.de\/?page_id=203","title":{"rendered":"Unser Leitgedanke und wie wir arbeiten"},"content":{"rendered":"<p style=\"text-align: center;\"><span style=\"color: #003366; font-size: 14pt;\"><strong>In<\/strong><\/span><span style=\"color: #003366; font-size: 14pt;\"><strong>div<\/strong><\/span><span style=\"color: #003366; font-size: 14pt;\"><strong>idu<\/strong><\/span><span style=\"color: #003366; font-size: 14pt;\"><strong>alit\u00e4t und doch <\/strong><\/span><span style=\"color: #003366; font-size: 14pt;\"><strong>Gemeinschaft<\/strong><\/span><\/p>\n<p style=\"text-align: center;\"><span style=\"color: #003366; font-size: 14pt;\"><strong>durch<\/strong><\/span><\/p>\n<p style=\"text-align: center;\"><span style=\"color: #003366; font-size: 14pt;\"><strong>lachen, lernen, wachsen!<\/strong><\/span><\/p>\n<p>Das Kind steht mit seiner Einzigartigkeit im Mittelpunkt unserer gesamten Arbeit.<\/p>\n<p>Durch ein wertsch\u00e4tzendes Miteinander schaffen wir eine Atmosph\u00e4re der Geborgenheit und des Vertrauens. Dieser Rahmen erm\u00f6glicht es den Kindern, durch Werte und Normen, sich zu einer selbstverantwortlichen Pers\u00f6nlichkeit zu entwickeln.<\/p>\n<p><span style=\"text-decoration: underline;\"><strong>Unser Haus f\u00fcr Kinder<\/strong><\/span> ist gezeichnet durch gemeinsame Projekte und haus\u00fcbergreifende Patenschaften. Durch das teiloffene Konzept der Krippe und Kindergartens und dem offenen Konzept des Horts steht das regelm\u00e4\u00dfige Besuchen der Bereiche untereinander an der Tagesordnung.<\/p>\n<p>Bis zu 36 Krippen-, 100 Kindergarten- und 75 Hortkinder k\u00f6nnen unsere Kindertagesst\u00e4tte besuchen. Die Einrichtung umfasst drei Geb\u00e4ude, die alle intern \u00fcber die Au\u00dfenanlagen ohne Gef\u00e4hrdung erreichbar sind.<\/p>\n<p>Die Krippen- und Kindergartenkinder haben w\u00e4hrend den Freispielzeiten immer die M\u00f6glichkeit, den anderen Bereich zu besuchen und auch die Gartenzeit verbringen sie h\u00e4ufig zusammen. So k\u00f6nnen sie, je nach K\u00f6nnen auch die Option, die dort angebotenen Aktivit\u00e4ten mitzumachen.<\/p>\n<p>W\u00e4hrend den Ferienzeiten werden Aktionen bereichs\u00fcbergreifend geplant und durchgef\u00fchrt, wie z.B. gemeinsame Picknicke, Ausfl\u00fcge und Angebote.<\/p>\n<p>Die Schulkinder, die die SchuKiSchaWa besuchen, d\u00fcrfen nachmittags die Krippen- und Kindergartenkinder besuchen. In der Krippe lernen sie die Kleinen kennen, spielen mit ihnen oder helfen im Ablauf mit. Dabei steht im Fokus, lebenspraktische F\u00e4higkeiten zu erwerben und auszubauen. Im Kindergarten spielen sie in gewohnter Umgebung, besuchen Freunde und ihre ehemaligen Betreuuerinnen.<\/p>\n<p>Auch profitieren die Kinder von den hausinternen Eingew\u00f6hnungen in den jeweils n\u00e4chsten Bereich. Zu diesen Zeiten sind Patenschaften f\u00fcr die neuen Kinder sehr wichtig. Paten werden f\u00fcr die hausinternen Eingew\u00f6hnungen schon vor dem offiziellen \u00dcbertritt mit der Mitwirkung der Kinder erw\u00e4hlt.<\/p>\n<p>Wir sehen unsere Einrichtung als Teil des gesellschaftlichen Lebens und wollen f\u00fcr Familien und Au\u00dfenstehende eine zug\u00e4ngliche Institution sein. Darum bieten wir dort Bewegungsr\u00e4ume und Orientierungshilfen, wo Solidarit\u00e4t praktiziert wird.<\/p>\n<p>Gemeinsam wollen wir stark sein und gut zusammenarbeiten. Dies gelingt uns, wenn wir die Beziehung untereinander offen gestalten, uns gegenseitig helfen, flexibel sind und jeder Verantwortung \u00fcbernimmt.<\/p>\n<p>Unsere Arbeit ist vielseitiger geworden; wir koordinieren, planen, reflektieren und optimieren, um die besten Bedingungen f\u00fcr die Entwicklung der Kinder zu schaffen. Die Kinder sehen, wie wir miteinander umgehen \u2013 das Vorbild beeinflusst Hilfsbereitschaft, R\u00fccksichtnahme und Verantwortung im Umgang mit anderen. Diese Wirkung wird auch dadurch unterst\u00fctzt, dass die Kinder oftmals mehr als drei Jahre bei uns in der Einrichtung sind. Diese lange Zeit in unserer Kita wirkt sich auf die Entwicklung der Kinder ebenso f\u00f6rderlich aus, wie die Bereitschaft der Eltern, mit uns zusammen zu arbeiten.<\/p>\n<p style=\"text-align: left;\"><em>Ihr Team vo<\/em><em>m Haus <\/em><em>f<\/em><em>\u00fcr Kin<\/em><em>der Schaftlach<\/em><\/p>\n<p style=\"text-align: left;\"><a href=\"https:\/\/kita-schaftlach.de\/?page_id=124\">Hier finden Sie unsere p\u00e4dagogische Konzeption&#8230;<\/a><\/p>\n<p style=\"text-align: left;\"><span style=\"color: #003366; font-size: 14pt;\"><strong><img loading=\"lazy\" decoding=\"async\" class=\"wp-image-113 aligncenter\" src=\"http:\/\/kita-schaftlach.de\/wp-content\/uploads\/2019\/08\/Haus-f\u00fcr-Kinder-Internet-300x300.jpg\" alt=\"\" width=\"224\" height=\"224\" srcset=\"https:\/\/kita-schaftlach.de\/wp-content\/uploads\/2019\/08\/Haus-f\u00fcr-Kinder-Internet-300x300.jpg 300w, https:\/\/kita-schaftlach.de\/wp-content\/uploads\/2019\/08\/Haus-f\u00fcr-Kinder-Internet-150x150.jpg 150w, https:\/\/kita-schaftlach.de\/wp-content\/uploads\/2019\/08\/Haus-f\u00fcr-Kinder-Internet-100x100.jpg 100w, https:\/\/kita-schaftlach.de\/wp-content\/uploads\/2019\/08\/Haus-f\u00fcr-Kinder-Internet.jpg 659w\" sizes=\"auto, (max-width: 224px) 100vw, 224px\" \/><\/strong><\/span><\/p>\n","protected":false},"excerpt":{"rendered":"<p>Individualit\u00e4t und doch Gemeinschaft durch lachen, lernen, wachsen! Das Kind steht mit seiner Einzigartigkeit im Mittelpunkt unserer gesamten Arbeit. Durch ein wertsch\u00e4tzendes Miteinander schaffen wir eine Atmosph\u00e4re der Geborgenheit und des Vertrauens. Dieser Rahmen erm\u00f6glicht es den Kindern, durch Werte und Normen, sich zu einer selbstverantwortlichen Pers\u00f6nlichkeit zu entwickeln. Unser Haus f\u00fcr Kinder ist gezeichnet &hellip; <\/p>\n<p class=\"link-more\"><a href=\"https:\/\/kita-schaftlach.de\/?page_id=203\" class=\"more-link\"><span class=\"screen-reader-text\">\u201eUnser Leitgedanke und wie wir arbeiten\u201c<\/span> weiterlesen<\/a><\/p>\n","protected":false},"author":2,"featured_media":0,"parent":0,"menu_order":0,"comment_status":"closed","ping_status":"closed","template":"","meta":{"footnotes":""},"class_list":["post-203","page","type-page","status-publish","hentry"],"_links":{"self":[{"href":"https:\/\/kita-schaftlach.de\/index.php?rest_route=\/wp\/v2\/pages\/203","targetHints":{"allow":["GET"]}}],"collection":[{"href":"https:\/\/kita-schaftlach.de\/index.php?rest_route=\/wp\/v2\/pages"}],"about":[{"href":"https:\/\/kita-schaftlach.de\/index.php?rest_route=\/wp\/v2\/types\/page"}],"author":[{"embeddable":true,"href":"https:\/\/kita-schaftlach.de\/index.php?rest_route=\/wp\/v2\/users\/2"}],"replies":[{"embeddable":true,"href":"https:\/\/kita-schaftlach.de\/index.php?rest_route=%2Fwp%2Fv2%2Fcomments&post=203"}],"version-history":[{"count":16,"href":"https:\/\/kita-schaftlach.de\/index.php?rest_route=\/wp\/v2\/pages\/203\/revisions"}],"predecessor-version":[{"id":1843,"href":"https:\/\/kita-schaftlach.de\/index.php?rest_route=\/wp\/v2\/pages\/203\/revisions\/1843"}],"wp:attachment":[{"href":"https:\/\/kita-schaftlach.de\/index.php?rest_route=%2Fwp%2Fv2%2Fmedia&parent=203"}],"curies":[{"name":"wp","href":"https:\/\/api.w.org\/{rel}","templated":true}]}}