{"id":180,"date":"2020-03-26T14:24:34","date_gmt":"2020-03-26T14:24:34","guid":{"rendered":"http:\/\/kita-schaftlach.de\/?page_id=180"},"modified":"2021-07-22T09:10:58","modified_gmt":"2021-07-22T09:10:58","slug":"aufnahmekriterien-kinderkrippe","status":"publish","type":"page","link":"https:\/\/kita-schaftlach.de\/?page_id=180","title":{"rendered":"Aufnahmekriterien Kinderkrippe"},"content":{"rendered":"<p><strong><u>Priorisierung der Aufnahmekriterien f\u00fcr die <span style=\"color: #800080;\">Kinderkrippe<\/span> (Mindestalter 12 Monate bis maximal 2 Jahren)<\/u>:<\/strong><\/p>\n<ol>\n<li style=\"list-style-type: none;\">\n<ol>\n<li>Kinder die in der Gemeinde wohnen<\/li>\n<li>Kinder des Personal<\/li>\n<li>Kinder die bereits Geschwister in der Einrichtung haben\/ hatten<\/li>\n<li>Kinder von Eltern mit beruflichen und sozialen Besonderheiten<\/li>\n<li>Kinder die zu Beginn der Kita-Jahres starten<\/li>\n<li>Alter der Kinder<\/li>\n<li>Kinder die f\u00fcnf Tage gebucht sind<\/li>\n<li>Kinder aus anderen Gemeinde<\/li>\n<\/ol>\n<\/li>\n<\/ol>\n<p>&nbsp;<\/p>\n<p>Die Aufnahme in die Kindertagesst\u00e4tte erfolgt nach Ma\u00dfgabe der verf\u00fcgbaren Pl\u00e4tze. Sind nicht gen\u00fcgend Pl\u00e4tze vorhanden, so wird die Auswahl nachfolgenden Dringlichkeitsstufen getroffen.<\/p>\n<p><em>Ein Krippenplatz wird in der Regel bis zur Vollendung des dritten Lebensjahres vergeben. Das Kind bleibt im Regelfall bis zum Ende des Kita-Jahres in der Kinderkrippe, wenn es vor dem 31.08. das dritte Lebensjahr vollendet hat.<\/em><\/p>\n","protected":false},"excerpt":{"rendered":"<p>Priorisierung der Aufnahmekriterien f\u00fcr die Kinderkrippe (Mindestalter 12 Monate bis maximal 2 Jahren): Kinder die in der Gemeinde wohnen Kinder des Personal Kinder die bereits Geschwister in der Einrichtung haben\/ hatten Kinder von Eltern mit beruflichen und sozialen Besonderheiten Kinder die zu Beginn der Kita-Jahres starten Alter der Kinder Kinder die f\u00fcnf Tage gebucht sind &hellip; <\/p>\n<p class=\"link-more\"><a href=\"https:\/\/kita-schaftlach.de\/?page_id=180\" class=\"more-link\"><span class=\"screen-reader-text\">\u201eAufnahmekriterien Kinderkrippe\u201c<\/span> weiterlesen<\/a><\/p>\n","protected":false},"author":2,"featured_media":0,"parent":0,"menu_order":0,"comment_status":"closed","ping_status":"closed","template":"","meta":{"footnotes":""},"class_list":["post-180","page","type-page","status-publish","hentry"],"_links":{"self":[{"href":"https:\/\/kita-schaftlach.de\/index.php?rest_route=\/wp\/v2\/pages\/180","targetHints":{"allow":["GET"]}}],"collection":[{"href":"https:\/\/kita-schaftlach.de\/index.php?rest_route=\/wp\/v2\/pages"}],"about":[{"href":"https:\/\/kita-schaftlach.de\/index.php?rest_route=\/wp\/v2\/types\/page"}],"author":[{"embeddable":true,"href":"https:\/\/kita-schaftlach.de\/index.php?rest_route=\/wp\/v2\/users\/2"}],"replies":[{"embeddable":true,"href":"https:\/\/kita-schaftlach.de\/index.php?rest_route=%2Fwp%2Fv2%2Fcomments&post=180"}],"version-history":[{"count":7,"href":"https:\/\/kita-schaftlach.de\/index.php?rest_route=\/wp\/v2\/pages\/180\/revisions"}],"predecessor-version":[{"id":1142,"href":"https:\/\/kita-schaftlach.de\/index.php?rest_route=\/wp\/v2\/pages\/180\/revisions\/1142"}],"wp:attachment":[{"href":"https:\/\/kita-schaftlach.de\/index.php?rest_route=%2Fwp%2Fv2%2Fmedia&parent=180"}],"curies":[{"name":"wp","href":"https:\/\/api.w.org\/{rel}","templated":true}]}}