{"id":169,"date":"2020-03-26T13:55:51","date_gmt":"2020-03-26T13:55:51","guid":{"rendered":"http:\/\/kita-schaftlach.de\/?page_id=169"},"modified":"2020-07-22T11:25:08","modified_gmt":"2020-07-22T11:25:08","slug":"geschichte-der-einrichtung","status":"publish","type":"page","link":"https:\/\/kita-schaftlach.de\/?page_id=169","title":{"rendered":"Geschichte der Einrichtung"},"content":{"rendered":"<ul>\n<li><strong><u>1990:<\/u><\/strong> Der Ruf nach einem Kindergarten f\u00fcr die Schaftlacher Kinder wird lauter. Deshalb wird vorerst in den Kellerr\u00e4umen der Grundschule Platz f\u00fcr zwei Gruppenr\u00e4ume geschaffen. Schon in den Jahren zuvor fanden jeweils eine Vormittags- und eine Nachmittagsgruppe in den R\u00e4umlichkeiten statt.<\/li>\n<\/ul>\n<p>&nbsp;<\/p>\n<ul>\n<li><strong><u>1993:<\/u><\/strong> Er\u00f6ffnung des Erika-Sixt- Kindergartens. Der Kindergarten verf\u00fcgte zun\u00e4chst \u00fcber zwei Gruppen und wurde von dem Unternehmer Hans Sixt als Erinnerung an seine verstorbene Ehefrau Erika gestiftet.<\/li>\n<\/ul>\n<p>&nbsp;<\/p>\n<ul>\n<li><strong><u>2000:<\/u><\/strong> Der Kindergarten wird um eine dritte Gruppe erweitert. Hierf\u00fcr wird ein Kellerraum umfunktioniert.<\/li>\n<\/ul>\n<p>&nbsp;<\/p>\n<ul>\n<li><strong><u>2010:<\/u><\/strong> Die Kinderkrippe feiert in dem Kindergarten angrenzenden Neubau Er\u00f6ffnung. Die Einrichtung wird zur Erika-Sixt-Kindertagesst\u00e4tte.<\/li>\n<\/ul>\n<p><strong><u><img loading=\"lazy\" decoding=\"async\" class=\"alignnone wp-image-31 size-medium\" src=\"http:\/\/kita-schaftlach.de\/wp-content\/uploads\/2019\/04\/Krippe-e1555405672937-300x180.png\" alt=\"\" width=\"300\" height=\"180\" srcset=\"https:\/\/kita-schaftlach.de\/wp-content\/uploads\/2019\/04\/Krippe-e1555405672937-300x180.png 300w, https:\/\/kita-schaftlach.de\/wp-content\/uploads\/2019\/04\/Krippe-e1555405672937-768x461.png 768w, https:\/\/kita-schaftlach.de\/wp-content\/uploads\/2019\/04\/Krippe-e1555405672937.png 770w\" sizes=\"auto, (max-width: 300px) 100vw, 300px\" \/><\/u><\/strong><\/p>\n<ul>\n<li><strong><u>2013<\/u><\/strong><strong><u>:<\/u><\/strong> In den freistehenden R\u00e4umlichkeiten der ehemaligen Grundschule Schaftlach haben ca. 75 Kinder die M\u00f6glichkeit zum Mittagessen und zur Hausaufgabenbetreuung. Die Einrichtung wird zur SchuKiSchaWa (Schulkindbetreuung Schaftlach-Waakirchen). Die Einrichtung wird zum Haus f\u00fcr Kinder.<\/li>\n<\/ul>\n<p><img loading=\"lazy\" decoding=\"async\" class=\"size-medium wp-image-321\" src=\"http:\/\/kita-schaftlach.de\/wp-content\/uploads\/2020\/04\/SchuKiSchaWa-300x199.jpg\" alt=\"\" width=\"300\" height=\"199\" srcset=\"https:\/\/kita-schaftlach.de\/wp-content\/uploads\/2020\/04\/SchuKiSchaWa-300x199.jpg 300w, https:\/\/kita-schaftlach.de\/wp-content\/uploads\/2020\/04\/SchuKiSchaWa-1024x680.jpg 1024w, https:\/\/kita-schaftlach.de\/wp-content\/uploads\/2020\/04\/SchuKiSchaWa-768x510.jpg 768w, https:\/\/kita-schaftlach.de\/wp-content\/uploads\/2020\/04\/SchuKiSchaWa-1536x1021.jpg 1536w, https:\/\/kita-schaftlach.de\/wp-content\/uploads\/2020\/04\/SchuKiSchaWa-2048x1361.jpg 2048w\" sizes=\"auto, (max-width: 300px) 100vw, 300px\" \/><\/p>\n<ul>\n<li><strong><u>2019\/2020:<\/u><\/strong> Ein Neubau schafft Platz f\u00fcr 4 Kindergartengruppen (100 Pl\u00e4tze) und der Umbau des Altbestands 3 Krippengruppen (36 Pl\u00e4tze).<\/li>\n<\/ul>\n<p><img loading=\"lazy\" decoding=\"async\" class=\"alignnone wp-image-220 size-medium\" src=\"http:\/\/kita-schaftlach.de\/wp-content\/uploads\/2020\/03\/DSC06286-300x199.jpg\" alt=\"\" width=\"300\" height=\"199\" srcset=\"https:\/\/kita-schaftlach.de\/wp-content\/uploads\/2020\/03\/DSC06286-300x199.jpg 300w, https:\/\/kita-schaftlach.de\/wp-content\/uploads\/2020\/03\/DSC06286-1024x680.jpg 1024w, https:\/\/kita-schaftlach.de\/wp-content\/uploads\/2020\/03\/DSC06286-768x510.jpg 768w, https:\/\/kita-schaftlach.de\/wp-content\/uploads\/2020\/03\/DSC06286-1536x1021.jpg 1536w, https:\/\/kita-schaftlach.de\/wp-content\/uploads\/2020\/03\/DSC06286-2048x1361.jpg 2048w\" sizes=\"auto, (max-width: 300px) 100vw, 300px\" \/><\/p>\n<p>&nbsp;<\/p>\n<p>&nbsp;<\/p>\n","protected":false},"excerpt":{"rendered":"<p>1990: Der Ruf nach einem Kindergarten f\u00fcr die Schaftlacher Kinder wird lauter. Deshalb wird vorerst in den Kellerr\u00e4umen der Grundschule Platz f\u00fcr zwei Gruppenr\u00e4ume geschaffen. Schon in den Jahren zuvor fanden jeweils eine Vormittags- und eine Nachmittagsgruppe in den R\u00e4umlichkeiten statt. &nbsp; 1993: Er\u00f6ffnung des Erika-Sixt- Kindergartens. Der Kindergarten verf\u00fcgte zun\u00e4chst \u00fcber zwei Gruppen und &hellip; <\/p>\n<p class=\"link-more\"><a href=\"https:\/\/kita-schaftlach.de\/?page_id=169\" class=\"more-link\"><span class=\"screen-reader-text\">\u201eGeschichte der Einrichtung\u201c<\/span> weiterlesen<\/a><\/p>\n","protected":false},"author":2,"featured_media":0,"parent":0,"menu_order":0,"comment_status":"closed","ping_status":"closed","template":"","meta":{"footnotes":""},"class_list":["post-169","page","type-page","status-publish","hentry"],"_links":{"self":[{"href":"https:\/\/kita-schaftlach.de\/index.php?rest_route=\/wp\/v2\/pages\/169","targetHints":{"allow":["GET"]}}],"collection":[{"href":"https:\/\/kita-schaftlach.de\/index.php?rest_route=\/wp\/v2\/pages"}],"about":[{"href":"https:\/\/kita-schaftlach.de\/index.php?rest_route=\/wp\/v2\/types\/page"}],"author":[{"embeddable":true,"href":"https:\/\/kita-schaftlach.de\/index.php?rest_route=\/wp\/v2\/users\/2"}],"replies":[{"embeddable":true,"href":"https:\/\/kita-schaftlach.de\/index.php?rest_route=%2Fwp%2Fv2%2Fcomments&post=169"}],"version-history":[{"count":7,"href":"https:\/\/kita-schaftlach.de\/index.php?rest_route=\/wp\/v2\/pages\/169\/revisions"}],"predecessor-version":[{"id":727,"href":"https:\/\/kita-schaftlach.de\/index.php?rest_route=\/wp\/v2\/pages\/169\/revisions\/727"}],"wp:attachment":[{"href":"https:\/\/kita-schaftlach.de\/index.php?rest_route=%2Fwp%2Fv2%2Fmedia&parent=169"}],"curies":[{"name":"wp","href":"https:\/\/api.w.org\/{rel}","templated":true}]}}