{"id":124,"date":"2020-01-28T13:42:24","date_gmt":"2020-01-28T13:42:24","guid":{"rendered":"http:\/\/kita-schaftlach.de\/?page_id=124"},"modified":"2026-02-19T07:44:07","modified_gmt":"2026-02-19T07:44:07","slug":"formulare-zum-downloaden","status":"publish","type":"page","link":"https:\/\/kita-schaftlach.de\/?page_id=124","title":{"rendered":"Downloadcenter"},"content":{"rendered":"<p><span style=\"color: #0000ff;\"><em><span style=\"text-decoration: underline;\">Download mit Smartphone wie folgt m\u00f6glich:<\/span> <\/em><\/span><span style=\"color: #0000ff;\"><em>Gew\u00fcnschte Datei l\u00e4nger gedr\u00fcckt halten, bei aufgeplopptem Fenster &#8222;Link herunterladen&#8220; o.\u00e4. w\u00e4hlen und weiter den Anweisungen auf dem Display folgen.<\/em><\/span><\/p>\n<p><strong>Ferienplan<\/strong><\/p>\n<p><a href=\"http:\/\/kita-schaftlach.de\/wp-content\/uploads\/2026\/01\/Ferienplan-25-26-NEU.pdf\">Ferienplan 25-26 Krippe + Kiga<\/a><\/p>\n<p><a href=\"http:\/\/kita-schaftlach.de\/wp-content\/uploads\/2025\/05\/Schliesszeiten-Sj.25-26-Hort.pdf\">Schlie\u00dfzeiten Sj.25 26 Hort<\/a><\/p>\n<p><strong>Kita-Satzung<\/strong><\/p>\n<p><a href=\"http:\/\/kita-schaftlach.de\/wp-content\/uploads\/2026\/02\/Benutzungssatzung-HfK-ab-01.07.2025.pdf\">Benutzungssatzung HfK ab 01.07.2025<\/a><\/p>\n<p><strong>Flyer<\/strong><\/p>\n<p><a href=\"http:\/\/kita-schaftlach.de\/wp-content\/uploads\/2025\/07\/Krippen-Flyer-2025.pdf\">Krippen Flyer 2025<\/a><\/p>\n<p><a href=\"http:\/\/kita-schaftlach.de\/wp-content\/uploads\/2025\/07\/Kiga-Flyer-2025.pdf\">Kiga Flyer 2025<\/a><\/p>\n<p><a href=\"http:\/\/kita-schaftlach.de\/wp-content\/uploads\/2025\/07\/Flyer-SchukiSchaWa-Sj.-25-26.pdf\">Flyer SchukiSchaWa Sj. 25 26<\/a><\/p>\n<p><strong>P\u00e4dagogische Konzeption<\/strong><\/p>\n<p><a href=\"http:\/\/kita-schaftlach.de\/wp-content\/uploads\/2025\/09\/Paed.-Konzeption-Haus-fuer-Kinder-Schaftlach-inkl.-Gliederung-Maerz-2025.pdf\">Konzeption Haus f\u00fcr Kinder Schaftlach inkl. Gliederung M\u00e4rz 2025<\/a><\/p>\n<p><strong>Informationspflichten \u201eKita\u201c Art. 13 DSGVO<\/strong><\/p>\n<p><a href=\"http:\/\/kita-schaftlach.de\/wp-content\/uploads\/2024\/09\/Waakirchen_Infopflicht_Kita.pdf\">Infopflicht_Kita_Datenschutz<\/a><\/p>\n","protected":false},"excerpt":{"rendered":"<p>Download mit Smartphone wie folgt m\u00f6glich: Gew\u00fcnschte Datei l\u00e4nger gedr\u00fcckt halten, bei aufgeplopptem Fenster &#8222;Link herunterladen&#8220; o.\u00e4. w\u00e4hlen und weiter den Anweisungen auf dem Display folgen. Ferienplan Ferienplan 25-26 Krippe + Kiga Schlie\u00dfzeiten Sj.25 26 Hort Kita-Satzung Benutzungssatzung HfK ab 01.07.2025 Flyer Krippen Flyer 2025 Kiga Flyer 2025 Flyer SchukiSchaWa Sj. 25 26 P\u00e4dagogische Konzeption &hellip; <\/p>\n<p class=\"link-more\"><a href=\"https:\/\/kita-schaftlach.de\/?page_id=124\" class=\"more-link\"><span class=\"screen-reader-text\">\u201eDownloadcenter\u201c<\/span> weiterlesen<\/a><\/p>\n","protected":false},"author":2,"featured_media":0,"parent":0,"menu_order":0,"comment_status":"closed","ping_status":"closed","template":"","meta":{"footnotes":""},"class_list":["post-124","page","type-page","status-publish","hentry"],"_links":{"self":[{"href":"https:\/\/kita-schaftlach.de\/index.php?rest_route=\/wp\/v2\/pages\/124","targetHints":{"allow":["GET"]}}],"collection":[{"href":"https:\/\/kita-schaftlach.de\/index.php?rest_route=\/wp\/v2\/pages"}],"about":[{"href":"https:\/\/kita-schaftlach.de\/index.php?rest_route=\/wp\/v2\/types\/page"}],"author":[{"embeddable":true,"href":"https:\/\/kita-schaftlach.de\/index.php?rest_route=\/wp\/v2\/users\/2"}],"replies":[{"embeddable":true,"href":"https:\/\/kita-schaftlach.de\/index.php?rest_route=%2Fwp%2Fv2%2Fcomments&post=124"}],"version-history":[{"count":105,"href":"https:\/\/kita-schaftlach.de\/index.php?rest_route=\/wp\/v2\/pages\/124\/revisions"}],"predecessor-version":[{"id":2175,"href":"https:\/\/kita-schaftlach.de\/index.php?rest_route=\/wp\/v2\/pages\/124\/revisions\/2175"}],"wp:attachment":[{"href":"https:\/\/kita-schaftlach.de\/index.php?rest_route=%2Fwp%2Fv2%2Fmedia&parent=124"}],"curies":[{"name":"wp","href":"https:\/\/api.w.org\/{rel}","templated":true}]}}