{"id":118,"date":"2020-01-28T13:36:43","date_gmt":"2020-01-28T13:36:43","guid":{"rendered":"http:\/\/kita-schaftlach.de\/?page_id=118"},"modified":"2026-03-12T09:12:38","modified_gmt":"2026-03-12T09:12:38","slug":"aktuelles","status":"publish","type":"page","link":"https:\/\/kita-schaftlach.de\/","title":{"rendered":"Aktuelles"},"content":{"rendered":"<p><img loading=\"lazy\" decoding=\"async\" class=\"alignleft wp-image-2081\" src=\"http:\/\/kita-schaftlach.de\/wp-content\/uploads\/2025\/03\/Unbenannt.png\" alt=\"\" width=\"168\" height=\"105\" \/><\/p>\n<p>&nbsp;<\/p>\n<p>&nbsp;<\/p>\n<p>Das Vormerkungsverfahren l\u00e4uft seit 01. M\u00e4rz 2025 landkreisweit \u00fcber die Online-Plattform \u201eLittle Bird\u201c.<\/p>\n<p>Den Zugang f\u00fcr das Elternportal finden Sie auf:<\/p>\n<p><span style=\"color: #ff0000;\">https:\/\/kinderbetreuung-landkreis-miesbach.little-bird.de\/<\/span><\/p>\n<p>Zus\u00e4tzlich finden Sie in dem Flyer- <a href=\"http:\/\/kita-schaftlach.de\/wp-content\/uploads\/2025\/02\/LITTLE-BIRD-Falzflyer-Miesbach_Ansicht.pdf\">LITTLE-BIRD-Falzflyer-Miesbach_Ansicht<\/a> &#8211; einige Infos und Hilfe.<\/p>\n<p><strong>Vormerkungsschluss f\u00fcr Kita-Jahr 2026\/2027: 01.03.2026<\/strong><\/p>\n<p>&nbsp;<\/p>\n<p><span style=\"text-decoration: underline;\"><strong><span style=\"color: #008000; text-decoration: underline;\">Telefonzeiten von Krippe und Kindergarten:<\/span><\/strong><\/span><\/p>\n<p>Mo &#8211; Do \u00a0 \u00a0 \u00a0 7.00 &#8211; 8.30 Uhr\u00a0\u00a0\u00a0 und\u00a0 \u00a0 13.00 &#8211; 16.00 Uhr<\/p>\n<p>Freitag\u00a0\u00a0\u00a0\u00a0\u00a0\u00a0\u00a0\u00a0 7.00 &#8211; 8.30 Uhr \u00a0\u00a0 und\u00a0 \u00a0 13.00 &#8211; 15.00 Uhr<\/p>\n<p><span style=\"text-decoration: underline; color: #800080;\"><strong>Anstehende Schlie\u00dfzeiten :<\/strong><\/span><\/p>\n<p><a href=\"http:\/\/kita-schaftlach.de\/wp-content\/uploads\/2025\/05\/Ferienplan-25-26-NEU.pdf\">Ferienplan 25-26 Krippe + Kiga<\/a><\/p>\n<p><a href=\"http:\/\/kita-schaftlach.de\/wp-content\/uploads\/2024\/05\/Schliesszeiten-Sj.24-25.pdf\">Ferienplan 25-26 Hort<\/a><\/p>\n<p><img loading=\"lazy\" decoding=\"async\" class=\"size-large wp-image-1590 aligncenter\" src=\"http:\/\/kita-schaftlach.de\/wp-content\/uploads\/2023\/05\/Maibaum-1-768x1024.jpg\" alt=\"\" width=\"525\" height=\"700\" srcset=\"https:\/\/kita-schaftlach.de\/wp-content\/uploads\/2023\/05\/Maibaum-1-768x1024.jpg 768w, https:\/\/kita-schaftlach.de\/wp-content\/uploads\/2023\/05\/Maibaum-1-225x300.jpg 225w, https:\/\/kita-schaftlach.de\/wp-content\/uploads\/2023\/05\/Maibaum-1.jpg 960w\" sizes=\"auto, (max-width: 525px) 100vw, 525px\" \/><\/p>\n<p style=\"text-align: right;\">Maibaum 2023<\/p>\n<p>&nbsp;<\/p>\n<p>&nbsp;<\/p>\n","protected":false},"excerpt":{"rendered":"<p>&nbsp; &nbsp; Das Vormerkungsverfahren l\u00e4uft seit 01. M\u00e4rz 2025 landkreisweit \u00fcber die Online-Plattform \u201eLittle Bird\u201c. Den Zugang f\u00fcr das Elternportal finden Sie auf: https:\/\/kinderbetreuung-landkreis-miesbach.little-bird.de\/ Zus\u00e4tzlich finden Sie in dem Flyer- LITTLE-BIRD-Falzflyer-Miesbach_Ansicht &#8211; einige Infos und Hilfe. Vormerkungsschluss f\u00fcr Kita-Jahr 2026\/2027: 01.03.2026 &nbsp; Telefonzeiten von Krippe und Kindergarten: Mo &#8211; Do \u00a0 \u00a0 \u00a0 7.00 &#8211; &hellip; <\/p>\n<p class=\"link-more\"><a href=\"https:\/\/kita-schaftlach.de\/\" class=\"more-link\"><span class=\"screen-reader-text\">\u201eAktuelles\u201c<\/span> weiterlesen<\/a><\/p>\n","protected":false},"author":2,"featured_media":0,"parent":0,"menu_order":0,"comment_status":"closed","ping_status":"closed","template":"","meta":{"footnotes":""},"class_list":["post-118","page","type-page","status-publish","hentry"],"_links":{"self":[{"href":"https:\/\/kita-schaftlach.de\/index.php?rest_route=\/wp\/v2\/pages\/118","targetHints":{"allow":["GET"]}}],"collection":[{"href":"https:\/\/kita-schaftlach.de\/index.php?rest_route=\/wp\/v2\/pages"}],"about":[{"href":"https:\/\/kita-schaftlach.de\/index.php?rest_route=\/wp\/v2\/types\/page"}],"author":[{"embeddable":true,"href":"https:\/\/kita-schaftlach.de\/index.php?rest_route=\/wp\/v2\/users\/2"}],"replies":[{"embeddable":true,"href":"https:\/\/kita-schaftlach.de\/index.php?rest_route=%2Fwp%2Fv2%2Fcomments&post=118"}],"version-history":[{"count":165,"href":"https:\/\/kita-schaftlach.de\/index.php?rest_route=\/wp\/v2\/pages\/118\/revisions"}],"predecessor-version":[{"id":2179,"href":"https:\/\/kita-schaftlach.de\/index.php?rest_route=\/wp\/v2\/pages\/118\/revisions\/2179"}],"wp:attachment":[{"href":"https:\/\/kita-schaftlach.de\/index.php?rest_route=%2Fwp%2Fv2%2Fmedia&parent=118"}],"curies":[{"name":"wp","href":"https:\/\/api.w.org\/{rel}","templated":true}]}}