{"id":1109,"date":"2021-07-22T07:57:39","date_gmt":"2021-07-22T07:57:39","guid":{"rendered":"http:\/\/kita-schaftlach.de\/?page_id=1109"},"modified":"2025-01-27T09:27:24","modified_gmt":"2025-01-27T09:27:24","slug":"regeln-an-bzw-abmelden-vom-mittagessen","status":"publish","type":"page","link":"https:\/\/kita-schaftlach.de\/?page_id=1109","title":{"rendered":"Regelungen, Formulare und Kosten"},"content":{"rendered":"<ul style=\"list-style-type: square;\">\n<li><a href=\"http:\/\/kita-schaftlach.de\/wp-content\/uploads\/2025\/01\/Regeln-Essensmeldung-Krippen-Eltern-ab-Februar-25.pdf\">Regeln Essensmeldung Krippen-Eltern ab Februar 25<\/a><\/li>\n<li><a href=\"http:\/\/kita-schaftlach.de\/wp-content\/uploads\/2025\/01\/Regeln-Essensmeldung-Kiga-Eltern-ab-Februar-25.pdf\">Regeln Essensmeldung Kiga-Eltern ab Februar 25<\/a><\/li>\n<li><a href=\"http:\/\/kita-schaftlach.de\/wp-content\/uploads\/2021\/12\/Regeln-Essensanabmeldung-Eltern-ab-Dez21.pdf\">Regeln Essensmeldung Eltern Hort (ab Nov&#8217;21)<\/a><\/li>\n<\/ul>\n<p>&nbsp;<\/p>\n<ul style=\"list-style-type: square;\">\n<li><u>Essensgeb\u00fchren:<\/u><\/li>\n<\/ul>\n<p>Die Gemeindeverwaltung passt zum September 2023 die Essensgeb\u00fchren, die seit 2021 nicht erh\u00f6ht wurden, der j\u00e4hrlichen Preissteigerung (Inflation) an. Folgende Beitr\u00e4ge wurden vom Gemeinderat beschlossen:<\/p>\n<ul>\n<li style=\"list-style-type: none;\">\n<ul>\n<li>Krippe: 3,30 \u20ac<\/li>\n<li>Kindergarten: 4,40 \u20ac<\/li>\n<li>Hort: 4,80 \u20ac<\/li>\n<\/ul>\n<\/li>\n<\/ul>\n","protected":false},"excerpt":{"rendered":"<p>Regeln Essensmeldung Krippen-Eltern ab Februar 25 Regeln Essensmeldung Kiga-Eltern ab Februar 25 Regeln Essensmeldung Eltern Hort (ab Nov&#8217;21) &nbsp; Essensgeb\u00fchren: Die Gemeindeverwaltung passt zum September 2023 die Essensgeb\u00fchren, die seit 2021 nicht erh\u00f6ht wurden, der j\u00e4hrlichen Preissteigerung (Inflation) an. Folgende Beitr\u00e4ge wurden vom Gemeinderat beschlossen: Krippe: 3,30 \u20ac Kindergarten: 4,40 \u20ac Hort: 4,80 \u20ac<\/p>\n","protected":false},"author":2,"featured_media":0,"parent":0,"menu_order":0,"comment_status":"closed","ping_status":"closed","template":"","meta":{"footnotes":""},"class_list":["post-1109","page","type-page","status-publish","hentry"],"_links":{"self":[{"href":"https:\/\/kita-schaftlach.de\/index.php?rest_route=\/wp\/v2\/pages\/1109","targetHints":{"allow":["GET"]}}],"collection":[{"href":"https:\/\/kita-schaftlach.de\/index.php?rest_route=\/wp\/v2\/pages"}],"about":[{"href":"https:\/\/kita-schaftlach.de\/index.php?rest_route=\/wp\/v2\/types\/page"}],"author":[{"embeddable":true,"href":"https:\/\/kita-schaftlach.de\/index.php?rest_route=\/wp\/v2\/users\/2"}],"replies":[{"embeddable":true,"href":"https:\/\/kita-schaftlach.de\/index.php?rest_route=%2Fwp%2Fv2%2Fcomments&post=1109"}],"version-history":[{"count":27,"href":"https:\/\/kita-schaftlach.de\/index.php?rest_route=\/wp\/v2\/pages\/1109\/revisions"}],"predecessor-version":[{"id":2057,"href":"https:\/\/kita-schaftlach.de\/index.php?rest_route=\/wp\/v2\/pages\/1109\/revisions\/2057"}],"wp:attachment":[{"href":"https:\/\/kita-schaftlach.de\/index.php?rest_route=%2Fwp%2Fv2%2Fmedia&parent=1109"}],"curies":[{"name":"wp","href":"https:\/\/api.w.org\/{rel}","templated":true}]}}